{"id":1708,"date":"2024-05-28T16:03:48","date_gmt":"2024-05-28T14:03:48","guid":{"rendered":"https:\/\/agri.bioret-corp.com\/?page_id=1708"},"modified":"2024-09-09T12:47:04","modified_gmt":"2024-09-09T10:47:04","slug":"merci","status":"publish","type":"page","link":"https:\/\/agri.bioret-corp.com\/de\/contact\/merci\/","title":{"rendered":"Danke"},"content":{"rendered":"<div data-elementor-type=\"wp-page\" data-elementor-id=\"1708\" class=\"elementor elementor-1708\" data-elementor-post-type=\"page\">\n\t\t\t\t<div class=\"elementor-element elementor-element-e799a03 e-flex e-con-boxed e-con e-parent\" data-id=\"e799a03\" data-element_type=\"container\" data-e-type=\"container\" data-settings=\"{&quot;jet_parallax_layout_list&quot;:[]}\">\n\t\t\t\t\t<div class=\"e-con-inner\">\n\t\t<div class=\"elementor-element elementor-element-f70111c e-con-full e-flex e-con e-child\" data-id=\"f70111c\" data-element_type=\"container\" data-e-type=\"container\" data-settings=\"{&quot;background_background&quot;:&quot;classic&quot;,&quot;jet_parallax_layout_list&quot;:[]}\">\n\t\t\t\t<div class=\"elementor-element elementor-element-50ec39f elementor-widget elementor-widget-heading\" data-id=\"50ec39f\" data-element_type=\"widget\" data-e-type=\"widget\" data-widget_type=\"heading.default\">\n\t\t\t\t\t<h2 class=\"elementor-heading-title elementor-size-default\">Danke f\u00fcr Ihre Nachricht <\/h2>\t\t\t\t<\/div>\n\t\t\t\t<div class=\"elementor-element elementor-element-164360f elementor-widget elementor-widget-text-editor\" data-id=\"164360f\" data-element_type=\"widget\" data-e-type=\"widget\" data-widget_type=\"text-editor.default\">\n\t\t\t\t\t\t\t\t\t<p>Und f\u00fcr Ihr Interesse an Bioret Agri!\u00a0<br \/>Ein Vertreter der Vertriebsabteilung wird sich umgehend mit Ihnen in Verbindung setzen, um Ihre Anfrage bestm\u00f6glich zu beantworten.\u00a0<\/p><p>Bis bald,\u00a0<br \/><strong>Das BIORET AGRI-Team<\/strong><\/p>\t\t\t\t\t\t\t\t<\/div>\n\t\t\t\t<\/div>\n\t\t<div class=\"elementor-element elementor-element-f781478 e-con-full elementor-hidden-mobile e-flex e-con e-child\" data-id=\"f781478\" data-element_type=\"container\" data-e-type=\"container\" data-settings=\"{&quot;jet_parallax_layout_list&quot;:[]}\">\n\t\t\t\t<div class=\"elementor-element elementor-element-3c1317a elementor-widget__width-initial elementor-widget elementor-widget-image\" data-id=\"3c1317a\" data-element_type=\"widget\" data-e-type=\"widget\" data-widget_type=\"image.default\">\n\t\t\t\t\t\t\t\t\t\t\t\t\t\t\t<img fetchpriority=\"high\" decoding=\"async\" width=\"200\" height=\"262\" src=\"https:\/\/agri.bioret-corp.com\/wp-content\/uploads\/sites\/6\/2024\/05\/vache.png\" class=\"attachment-large size-large wp-image-1475\" alt=\"Kuh\" \/>\t\t\t\t\t\t\t\t\t\t\t\t\t\t\t<\/div>\n\t\t\t\t<\/div>\n\t\t\t\t\t<\/div>\n\t\t\t\t<\/div>\n\t\t\t\t<\/div>","protected":false},"excerpt":{"rendered":"<p>Vielen Dank f\u00fcr Ihre Nachricht Und f\u00fcr Ihr Interesse an Bioret Agri! Ein Vertreter der Vertriebsabteilung wird sich umgehend mit Ihnen in Verbindung setzen, um Ihre Anfrage bestm\u00f6glich zu beantworten.  Bis bald, Ihr BIORET AGRI-Team<\/p>","protected":false},"author":1,"featured_media":3737,"parent":2,"menu_order":0,"comment_status":"closed","ping_status":"closed","template":"","meta":{"_acf_changed":false,"content-type":"","footnotes":""},"besoin":[],"type-de-produit":[],"class_list":["post-1708","page","type-page","status-publish","has-post-thumbnail","hentry"],"acf":[],"yoast_head":"<!-- This site is optimized with the Yoast SEO plugin v27.4 - https:\/\/yoast.com\/product\/yoast-seo-wordpress\/ -->\n<title>Merci - BIORET AGRI<\/title>\n<meta name=\"robots\" content=\"index, follow, max-snippet:-1, max-image-preview:large, max-video-preview:-1\" \/>\n<link rel=\"canonical\" href=\"https:\/\/agri.bioret-corp.com\/de\/kontakt\/merci\/\" \/>\n<meta property=\"og:locale\" content=\"de_DE\" \/>\n<meta property=\"og:type\" content=\"article\" \/>\n<meta property=\"og:title\" content=\"Merci - BIORET AGRI\" \/>\n<meta property=\"og:description\" content=\"Merci pour votre message Et pour votre int\u00e9r\u00eat pour Bioret Agri !\u00a0Un repr\u00e9sentant du service commercial prendra rapidement contact avec vous afin de r\u00e9pondre au mieux \u00e0 votre demande.\u00a0 A bient\u00f4t,\u00a0L&rsquo;\u00e9quipe BIORET AGRI\" \/>\n<meta property=\"og:url\" content=\"https:\/\/agri.bioret-corp.com\/de\/kontakt\/merci\/\" \/>\n<meta property=\"og:site_name\" content=\"BIORET AGRI\" \/>\n<meta property=\"article:modified_time\" content=\"2024-09-09T10:47:04+00:00\" \/>\n<meta property=\"og:image\" content=\"https:\/\/agri.bioret-corp.com\/wp-content\/uploads\/sites\/6\/2024\/08\/image.jpg\" \/>\n\t<meta property=\"og:image:width\" content=\"474\" \/>\n\t<meta property=\"og:image:height\" content=\"298\" \/>\n\t<meta property=\"og:image:type\" content=\"image\/jpeg\" \/>\n<meta name=\"twitter:card\" content=\"summary_large_image\" \/>\n<meta name=\"twitter:label1\" content=\"Gesch\u00e4tzte Lesezeit\" \/>\n\t<meta name=\"twitter:data1\" content=\"1\u00a0Minute\" \/>\n<script type=\"application\/ld+json\" class=\"yoast-schema-graph\">{\"@context\":\"https:\\\/\\\/schema.org\",\"@graph\":[{\"@type\":\"WebPage\",\"@id\":\"https:\\\/\\\/agri.bioret-corp.com\\\/contact\\\/merci\\\/\",\"url\":\"https:\\\/\\\/agri.bioret-corp.com\\\/contact\\\/merci\\\/\",\"name\":\"Merci - BIORET AGRI\",\"isPartOf\":{\"@id\":\"https:\\\/\\\/agri.bioret-corp.com\\\/#website\"},\"primaryImageOfPage\":{\"@id\":\"https:\\\/\\\/agri.bioret-corp.com\\\/contact\\\/merci\\\/#primaryimage\"},\"image\":{\"@id\":\"https:\\\/\\\/agri.bioret-corp.com\\\/contact\\\/merci\\\/#primaryimage\"},\"thumbnailUrl\":\"https:\\\/\\\/agri.bioret-corp.com\\\/wp-content\\\/uploads\\\/sites\\\/6\\\/2024\\\/08\\\/image.jpg\",\"datePublished\":\"2024-05-28T14:03:48+00:00\",\"dateModified\":\"2024-09-09T10:47:04+00:00\",\"breadcrumb\":{\"@id\":\"https:\\\/\\\/agri.bioret-corp.com\\\/contact\\\/merci\\\/#breadcrumb\"},\"inLanguage\":\"de\",\"potentialAction\":[{\"@type\":\"ReadAction\",\"target\":[\"https:\\\/\\\/agri.bioret-corp.com\\\/contact\\\/merci\\\/\"]}]},{\"@type\":\"ImageObject\",\"inLanguage\":\"de\",\"@id\":\"https:\\\/\\\/agri.bioret-corp.com\\\/contact\\\/merci\\\/#primaryimage\",\"url\":\"https:\\\/\\\/agri.bioret-corp.com\\\/wp-content\\\/uploads\\\/sites\\\/6\\\/2024\\\/08\\\/image.jpg\",\"contentUrl\":\"https:\\\/\\\/agri.bioret-corp.com\\\/wp-content\\\/uploads\\\/sites\\\/6\\\/2024\\\/08\\\/image.jpg\",\"width\":474,\"height\":298,\"caption\":\"Vache couch\u00e9e dans une logette de couchage\"},{\"@type\":\"BreadcrumbList\",\"@id\":\"https:\\\/\\\/agri.bioret-corp.com\\\/contact\\\/merci\\\/#breadcrumb\",\"itemListElement\":[{\"@type\":\"ListItem\",\"position\":1,\"name\":\"Accueil\",\"item\":\"https:\\\/\\\/agri.bioret-corp.com\\\/\"},{\"@type\":\"ListItem\",\"position\":2,\"name\":\"Contact\",\"item\":\"https:\\\/\\\/agri.bioret-corp.com\\\/contact\\\/\"},{\"@type\":\"ListItem\",\"position\":3,\"name\":\"Merci\"}]},{\"@type\":\"WebSite\",\"@id\":\"https:\\\/\\\/agri.bioret-corp.com\\\/#website\",\"url\":\"https:\\\/\\\/agri.bioret-corp.com\\\/\",\"name\":\"BIORET AGRI\",\"description\":\"\",\"potentialAction\":[{\"@type\":\"SearchAction\",\"target\":{\"@type\":\"EntryPoint\",\"urlTemplate\":\"https:\\\/\\\/agri.bioret-corp.com\\\/?s={search_term_string}\"},\"query-input\":{\"@type\":\"PropertyValueSpecification\",\"valueRequired\":true,\"valueName\":\"search_term_string\"}}],\"inLanguage\":\"de\"}]}<\/script>\n<!-- \/ Yoast SEO plugin. -->","yoast_head_json":{"title":"Danke - BIORET AGRI","robots":{"index":"index","follow":"follow","max-snippet":"max-snippet:-1","max-image-preview":"max-image-preview:large","max-video-preview":"max-video-preview:-1"},"canonical":"https:\/\/agri.bioret-corp.com\/de\/kontakt\/merci\/","og_locale":"de_DE","og_type":"article","og_title":"Merci - BIORET AGRI","og_description":"Merci pour votre message Et pour votre int\u00e9r\u00eat pour Bioret Agri !\u00a0Un repr\u00e9sentant du service commercial prendra rapidement contact avec vous afin de r\u00e9pondre au mieux \u00e0 votre demande.\u00a0 A bient\u00f4t,\u00a0L&rsquo;\u00e9quipe BIORET AGRI","og_url":"https:\/\/agri.bioret-corp.com\/de\/kontakt\/merci\/","og_site_name":"BIORET AGRI","article_modified_time":"2024-09-09T10:47:04+00:00","og_image":[{"width":474,"height":298,"url":"https:\/\/agri.bioret-corp.com\/wp-content\/uploads\/sites\/6\/2024\/08\/image.jpg","type":"image\/jpeg"}],"twitter_card":"summary_large_image","twitter_misc":{"Gesch\u00e4tzte Lesezeit":"1\u00a0Minute"},"schema":{"@context":"https:\/\/schema.org","@graph":[{"@type":"WebPage","@id":"https:\/\/agri.bioret-corp.com\/contact\/merci\/","url":"https:\/\/agri.bioret-corp.com\/contact\/merci\/","name":"Danke - BIORET AGRI","isPartOf":{"@id":"https:\/\/agri.bioret-corp.com\/#website"},"primaryImageOfPage":{"@id":"https:\/\/agri.bioret-corp.com\/contact\/merci\/#primaryimage"},"image":{"@id":"https:\/\/agri.bioret-corp.com\/contact\/merci\/#primaryimage"},"thumbnailUrl":"https:\/\/agri.bioret-corp.com\/wp-content\/uploads\/sites\/6\/2024\/08\/image.jpg","datePublished":"2024-05-28T14:03:48+00:00","dateModified":"2024-09-09T10:47:04+00:00","breadcrumb":{"@id":"https:\/\/agri.bioret-corp.com\/contact\/merci\/#breadcrumb"},"inLanguage":"de","potentialAction":[{"@type":"ReadAction","target":["https:\/\/agri.bioret-corp.com\/contact\/merci\/"]}]},{"@type":"ImageObject","inLanguage":"de","@id":"https:\/\/agri.bioret-corp.com\/contact\/merci\/#primaryimage","url":"https:\/\/agri.bioret-corp.com\/wp-content\/uploads\/sites\/6\/2024\/08\/image.jpg","contentUrl":"https:\/\/agri.bioret-corp.com\/wp-content\/uploads\/sites\/6\/2024\/08\/image.jpg","width":474,"height":298,"caption":"Vache couch\u00e9e dans une logette de couchage"},{"@type":"BreadcrumbList","@id":"https:\/\/agri.bioret-corp.com\/contact\/merci\/#breadcrumb","itemListElement":[{"@type":"ListItem","position":1,"name":"Accueil","item":"https:\/\/agri.bioret-corp.com\/"},{"@type":"ListItem","position":2,"name":"Contact","item":"https:\/\/agri.bioret-corp.com\/contact\/"},{"@type":"ListItem","position":3,"name":"Merci"}]},{"@type":"WebSite","@id":"https:\/\/agri.bioret-corp.com\/#website","url":"https:\/\/agri.bioret-corp.com\/","name":"BIORET AGRI","description":"","potentialAction":[{"@type":"SearchAction","target":{"@type":"EntryPoint","urlTemplate":"https:\/\/agri.bioret-corp.com\/?s={search_term_string}"},"query-input":{"@type":"PropertyValueSpecification","valueRequired":true,"valueName":"search_term_string"}}],"inLanguage":"de"}]}},"_links":{"self":[{"href":"https:\/\/agri.bioret-corp.com\/de\/wp-json\/wp\/v2\/pages\/1708","targetHints":{"allow":["GET"]}}],"collection":[{"href":"https:\/\/agri.bioret-corp.com\/de\/wp-json\/wp\/v2\/pages"}],"about":[{"href":"https:\/\/agri.bioret-corp.com\/de\/wp-json\/wp\/v2\/types\/page"}],"author":[{"embeddable":true,"href":"https:\/\/agri.bioret-corp.com\/de\/wp-json\/wp\/v2\/users\/1"}],"replies":[{"embeddable":true,"href":"https:\/\/agri.bioret-corp.com\/de\/wp-json\/wp\/v2\/comments?post=1708"}],"version-history":[{"count":7,"href":"https:\/\/agri.bioret-corp.com\/de\/wp-json\/wp\/v2\/pages\/1708\/revisions"}],"predecessor-version":[{"id":1715,"href":"https:\/\/agri.bioret-corp.com\/de\/wp-json\/wp\/v2\/pages\/1708\/revisions\/1715"}],"up":[{"embeddable":true,"href":"https:\/\/agri.bioret-corp.com\/de\/wp-json\/wp\/v2\/pages\/2"}],"wp:featuredmedia":[{"embeddable":true,"href":"https:\/\/agri.bioret-corp.com\/de\/wp-json\/wp\/v2\/media\/3737"}],"wp:attachment":[{"href":"https:\/\/agri.bioret-corp.com\/de\/wp-json\/wp\/v2\/media?parent=1708"}],"wp:term":[{"taxonomy":"besoin","embeddable":true,"href":"https:\/\/agri.bioret-corp.com\/de\/wp-json\/wp\/v2\/besoin?post=1708"},{"taxonomy":"type-de-produit","embeddable":true,"href":"https:\/\/agri.bioret-corp.com\/de\/wp-json\/wp\/v2\/type-de-produit?post=1708"}],"curies":[{"name":"wp","href":"https:\/\/api.w.org\/{rel}","templated":true}]}}