{"id":733,"date":"2024-04-16T18:02:53","date_gmt":"2024-04-16T16:02:53","guid":{"rendered":"https:\/\/agri.bioret-corp.com\/?page_id=733"},"modified":"2024-10-02T19:15:50","modified_gmt":"2024-10-02T17:15:50","slug":"sus-necesidades","status":"publish","type":"page","link":"https:\/\/agri.bioret-corp.com\/es\/vos-besoins\/","title":{"rendered":"Sus necesidades"},"content":{"rendered":"<div data-elementor-type=\"wp-page\" data-elementor-id=\"733\" class=\"elementor elementor-733\" data-elementor-post-type=\"page\">\n\t\t\t\t<div class=\"elementor-element elementor-element-3de1104 e-flex e-con-boxed e-con e-parent\" data-id=\"3de1104\" data-element_type=\"container\" data-e-type=\"container\" data-settings=\"{&quot;jet_parallax_layout_list&quot;:[]}\">\n\t\t\t\t\t<div class=\"e-con-inner\">\n\t\t\t\t<div class=\"elementor-element elementor-element-e7108ac elementor-widget elementor-widget-breadcrumbs\" data-id=\"e7108ac\" data-element_type=\"widget\" data-e-type=\"widget\" data-widget_type=\"breadcrumbs.default\">\n\t\t\t\t\t<p id=\"breadcrumbs\"><span><span><a href=\"https:\/\/agri.bioret-corp.com\/es\/\">Inicio<\/a><\/span><\/span><\/p>\t\t\t\t<\/div>\n\t\t\t\t\t<\/div>\n\t\t\t\t<\/div>\n\t\t<div class=\"elementor-element elementor-element-d4f6aab e-flex e-con-boxed e-con e-parent\" data-id=\"d4f6aab\" data-element_type=\"container\" data-e-type=\"container\" data-settings=\"{&quot;jet_parallax_layout_list&quot;:[]}\">\n\t\t\t\t\t<div class=\"e-con-inner\">\n\t\t<div class=\"elementor-element elementor-element-7caac8f e-con-full e-flex e-con e-child\" data-id=\"7caac8f\" data-element_type=\"container\" data-e-type=\"container\" data-settings=\"{&quot;background_background&quot;:&quot;classic&quot;,&quot;jet_parallax_layout_list&quot;:[]}\">\n\t\t\t\t<div class=\"elementor-element elementor-element-44db4c6 elementor-widget elementor-widget-heading\" data-id=\"44db4c6\" data-element_type=\"widget\" data-e-type=\"widget\" data-widget_type=\"heading.default\">\n\t\t\t\t\t<div class=\"elementor-heading-title elementor-size-default\">Para cada necesidad <b>nuestras soluciones<\/b><\/div>\t\t\t\t<\/div>\n\t\t\t\t<\/div>\n\t\t<div class=\"elementor-element elementor-element-491493a e-con-full e-flex e-con e-child\" data-id=\"491493a\" data-element_type=\"container\" data-e-type=\"container\" data-settings=\"{&quot;background_background&quot;:&quot;classic&quot;,&quot;jet_parallax_layout_list&quot;:[]}\">\n\t\t\t\t<div class=\"elementor-element elementor-element-5179422 elementor-widget elementor-widget-image\" data-id=\"5179422\" data-element_type=\"widget\" data-e-type=\"widget\" data-widget_type=\"image.default\">\n\t\t\t\t\t\t\t\t\t\t\t\t\t\t\t<img decoding=\"async\" width=\"27\" height=\"48\" src=\"https:\/\/agri.bioret-corp.com\/wp-content\/uploads\/sites\/6\/2024\/05\/fleche-rouge.svg\" class=\"attachment-large size-large wp-image-1479\" alt=\"Flecha roja\" \/>\t\t\t\t\t\t\t\t\t\t\t\t\t\t\t<\/div>\n\t\t\t\t<\/div>\n\t\t\t\t\t<\/div>\n\t\t\t\t<\/div>\n\t\t<div class=\"elementor-element elementor-element-b205dee e-flex e-con-boxed e-con e-parent\" data-id=\"b205dee\" data-element_type=\"container\" data-e-type=\"container\" data-settings=\"{&quot;jet_parallax_layout_list&quot;:[]}\">\n\t\t\t\t\t<div class=\"e-con-inner\">\n\t\t<div class=\"elementor-element elementor-element-31fb9e5 e-con-full e-flex e-con e-child\" data-id=\"31fb9e5\" data-element_type=\"container\" data-e-type=\"container\" data-settings=\"{&quot;background_background&quot;:&quot;classic&quot;,&quot;jet_parallax_layout_list&quot;:[]}\">\n\t\t\t\t<div class=\"elementor-element elementor-element-e82e6d7 elementor-widget elementor-widget-heading\" data-id=\"e82e6d7\" data-element_type=\"widget\" data-e-type=\"widget\" data-widget_type=\"heading.default\">\n\t\t\t\t\t<h1 class=\"elementor-heading-title elementor-size-default\">Satisfacer las necesidades de los productores l\u00e1cteos<\/h1>\t\t\t\t<\/div>\n\t\t\t\t<div class=\"elementor-element elementor-element-5e8110b elementor-widget elementor-widget-text-editor\" data-id=\"5e8110b\" data-element_type=\"widget\" data-e-type=\"widget\" data-widget_type=\"text-editor.default\">\n\t\t\t\t\t\t\t\t\t<p>A trav\u00e9s de su gama de colchones para vacas, suelos antideslizantes y otros equipamientos para establos, BIORET AGRI se compromete a ayudar a los ganaderos a combinar bienestar animal y productividad.<\/p>\t\t\t\t\t\t\t\t<\/div>\n\t\t\t\t<\/div>\n\t\t<div class=\"elementor-element elementor-element-c0efbd3 e-con-full e-flex e-con e-child\" data-id=\"c0efbd3\" data-element_type=\"container\" data-e-type=\"container\" data-settings=\"{&quot;background_background&quot;:&quot;classic&quot;,&quot;jet_parallax_layout_list&quot;:[]}\">\n\t\t\t\t<\/div>\n\t\t\t\t\t<\/div>\n\t\t\t\t<\/div>\n\t\t<div class=\"elementor-element elementor-element-a2c08e4 e-grid e-con-boxed e-con e-child\" data-id=\"a2c08e4\" data-element_type=\"container\" data-e-type=\"container\" data-settings=\"{&quot;background_background&quot;:&quot;classic&quot;,&quot;jet_parallax_layout_list&quot;:[]}\">\n\t\t\t\t\t<div class=\"e-con-inner\">\n\t\t\t\t<div class=\"elementor-element elementor-element-111fd3c elementor-cta--layout-image-above elementor-cta--valign-top elementor-cta--skin-classic elementor-animated-content elementor-bg-transform elementor-bg-transform-zoom-in elementor-widget elementor-widget-call-to-action\" data-id=\"111fd3c\" data-element_type=\"widget\" data-e-type=\"widget\" data-widget_type=\"call-to-action.default\">\n\t\t\t\t\t\t\t<a class=\"elementor-cta\" href=\"https:\/\/agri.bioret-corp.com\/es\/sus-necesidades\/estres-termico-vaca\/\">\n\t\t\t\t\t<div class=\"elementor-cta__bg-wrapper\">\n\t\t\t\t<div class=\"elementor-cta__bg elementor-bg\" style=\"background-image: url(https:\/\/agri.bioret-corp.com\/wp-content\/uploads\/sites\/6\/2024\/04\/A_stress_th.svg);\" role=\"img\" aria-label=\"A_stress_th\"><\/div>\n\t\t\t\t<div class=\"elementor-cta__bg-overlay\"><\/div>\n\t\t\t<\/div>\n\t\t\t\t\t\t\t<div class=\"elementor-cta__content\">\n\t\t\t\t\n\t\t\t\t\t\t\t\t\t<h2 class=\"elementor-cta__title elementor-cta__content-item elementor-content-item\">\n\t\t\t\t\t\tEstr\u00e9s t\u00e9rmico\t\t\t\t\t<\/h2>\n\t\t\t\t\n\t\t\t\t\t\t\t\t\t<div class=\"elementor-cta__description elementor-cta__content-item elementor-content-item\">\n\t\t\t\t\t\tEl estr\u00e9s por calor tiene un impacto considerable en las vacas lecheras, reduciendo la producci\u00f3n, la calidad de la leche y la fertilidad.\t\t\t\t\t<\/div>\n\t\t\t\t\n\t\t\t\t\t\t\t<\/div>\n\t\t\t\t\t\t<\/a>\n\t\t\t\t\t\t<\/div>\n\t\t\t\t<div class=\"elementor-element elementor-element-26eb5c1 elementor-cta--layout-image-above elementor-cta--valign-top elementor-cta--skin-classic elementor-animated-content elementor-bg-transform elementor-bg-transform-zoom-in elementor-widget elementor-widget-call-to-action\" data-id=\"26eb5c1\" data-element_type=\"widget\" data-e-type=\"widget\" data-widget_type=\"call-to-action.default\">\n\t\t\t\t\t\t\t<a class=\"elementor-cta\" href=\"https:\/\/agri.bioret-corp.com\/es\/sus-necesidades\/pienso-para-vacas\/\">\n\t\t\t\t\t<div class=\"elementor-cta__bg-wrapper\">\n\t\t\t\t<div class=\"elementor-cta__bg elementor-bg\" style=\"background-image: url(https:\/\/agri.bioret-corp.com\/wp-content\/uploads\/sites\/6\/2024\/04\/A_alimentation.svg);\" role=\"img\" aria-label=\"Encendido\"><\/div>\n\t\t\t\t<div class=\"elementor-cta__bg-overlay\"><\/div>\n\t\t\t<\/div>\n\t\t\t\t\t\t\t<div class=\"elementor-cta__content\">\n\t\t\t\t\n\t\t\t\t\t\t\t\t\t<h2 class=\"elementor-cta__title elementor-cta__content-item elementor-content-item\">\n\t\t\t\t\t\tAlimentaci\u00f3n\t\t\t\t\t<\/h2>\n\t\t\t\t\n\t\t\t\t\t\t\t\t\t<div class=\"elementor-cta__description elementor-cta__content-item elementor-content-item\">\n\t\t\t\t\t\tUn buen consumo de alimento es esencial para una producci\u00f3n \u00f3ptima de leche.\t\t\t\t\t<\/div>\n\t\t\t\t\n\t\t\t\t\t\t\t<\/div>\n\t\t\t\t\t\t<\/a>\n\t\t\t\t\t\t<\/div>\n\t\t\t\t<div class=\"elementor-element elementor-element-2941af3 elementor-cta--layout-image-above elementor-cta--valign-top elementor-cta--skin-classic elementor-animated-content elementor-bg-transform elementor-bg-transform-zoom-in elementor-widget elementor-widget-call-to-action\" data-id=\"2941af3\" data-element_type=\"widget\" data-e-type=\"widget\" data-widget_type=\"call-to-action.default\">\n\t\t\t\t\t\t\t<a class=\"elementor-cta\" href=\"https:\/\/agri.bioret-corp.com\/es\/sus-necesidades\/emision-de-amoniaco-vaca\/\">\n\t\t\t\t\t<div class=\"elementor-cta__bg-wrapper\">\n\t\t\t\t<div class=\"elementor-cta__bg elementor-bg\" style=\"background-image: url(https:\/\/agri.bioret-corp.com\/wp-content\/uploads\/sites\/6\/2024\/04\/A_ammoniac.svg);\" role=\"img\" aria-label=\"Reducci\u00f3n del amon\u00edaco\"><\/div>\n\t\t\t\t<div class=\"elementor-cta__bg-overlay\"><\/div>\n\t\t\t<\/div>\n\t\t\t\t\t\t\t<div class=\"elementor-cta__content\">\n\t\t\t\t\n\t\t\t\t\t\t\t\t\t<h2 class=\"elementor-cta__title elementor-cta__content-item elementor-content-item\">\n\t\t\t\t\t\tEmisiones de amon\u00edaco\t\t\t\t\t<\/h2>\n\t\t\t\t\n\t\t\t\t\t\t\t\t\t<div class=\"elementor-cta__description elementor-cta__content-item elementor-content-item\">\n\t\t\t\t\t\tLas emisiones de amon\u00edaco pueden afectar a la salud respiratoria de animales y ganaderos\t\t\t\t\t<\/div>\n\t\t\t\t\n\t\t\t\t\t\t\t<\/div>\n\t\t\t\t\t\t<\/a>\n\t\t\t\t\t\t<\/div>\n\t\t\t\t<div class=\"elementor-element elementor-element-37162a8 elementor-cta--layout-image-above elementor-cta--valign-top elementor-cta--skin-classic elementor-animated-content elementor-bg-transform elementor-bg-transform-zoom-in elementor-widget elementor-widget-call-to-action\" data-id=\"37162a8\" data-element_type=\"widget\" data-e-type=\"widget\" data-widget_type=\"call-to-action.default\">\n\t\t\t\t\t\t\t<a class=\"elementor-cta\" href=\"https:\/\/agri.bioret-corp.com\/es\/sus-necesidades\/comodidad-para-las-vacas\/\">\n\t\t\t\t\t<div class=\"elementor-cta__bg-wrapper\">\n\t\t\t\t<div class=\"elementor-cta__bg elementor-bg\" style=\"background-image: url(https:\/\/agri.bioret-corp.com\/wp-content\/uploads\/sites\/6\/2024\/04\/A_CONFORT_ANIMAL.svg);\" role=\"img\" aria-label=\"A_CONFORT_ANIMAL\"><\/div>\n\t\t\t\t<div class=\"elementor-cta__bg-overlay\"><\/div>\n\t\t\t<\/div>\n\t\t\t\t\t\t\t<div class=\"elementor-cta__content\">\n\t\t\t\t\n\t\t\t\t\t\t\t\t\t<h2 class=\"elementor-cta__title elementor-cta__content-item elementor-content-item\">\n\t\t\t\t\t\tComodidad para las vacas\t\t\t\t\t<\/h2>\n\t\t\t\t\n\t\t\t\t\t\t\t\t\t<div class=\"elementor-cta__description elementor-cta__content-item elementor-content-item\">\n\t\t\t\t\t\tEn un entorno sano y confortable, una vaca lechera alcanza todo su potencial.\t\t\t\t\t<\/div>\n\t\t\t\t\n\t\t\t\t\t\t\t<\/div>\n\t\t\t\t\t\t<\/a>\n\t\t\t\t\t\t<\/div>\n\t\t\t\t<div class=\"elementor-element elementor-element-b57e858 elementor-cta--layout-image-above elementor-cta--valign-top elementor-cta--skin-classic elementor-animated-content elementor-bg-transform elementor-bg-transform-zoom-in elementor-widget elementor-widget-call-to-action\" data-id=\"b57e858\" data-element_type=\"widget\" data-e-type=\"widget\" data-widget_type=\"call-to-action.default\">\n\t\t\t\t\t\t\t<a class=\"elementor-cta\" href=\"https:\/\/agri.bioret-corp.com\/es\/sus-necesidades\/salud-de-las-vacas\/\">\n\t\t\t\t\t<div class=\"elementor-cta__bg-wrapper\">\n\t\t\t\t<div class=\"elementor-cta__bg elementor-bg\" style=\"background-image: url(https:\/\/agri.bioret-corp.com\/wp-content\/uploads\/sites\/6\/2024\/06\/A_vache.svg);\" role=\"img\" aria-label=\"A_vaca\"><\/div>\n\t\t\t\t<div class=\"elementor-cta__bg-overlay\"><\/div>\n\t\t\t<\/div>\n\t\t\t\t\t\t\t<div class=\"elementor-cta__content\">\n\t\t\t\t\n\t\t\t\t\t\t\t\t\t<h2 class=\"elementor-cta__title elementor-cta__content-item elementor-content-item\">\n\t\t\t\t\t\tSalud de las vacas\t\t\t\t\t<\/h2>\n\t\t\t\t\n\t\t\t\t\t\t\t\t\t<div class=\"elementor-cta__description elementor-cta__content-item elementor-content-item\">\n\t\t\t\t\t\tLa salud de sus vacas es esencial para evitar sacrificios prematuros.\t\t\t\t\t<\/div>\n\t\t\t\t\n\t\t\t\t\t\t\t<\/div>\n\t\t\t\t\t\t<\/a>\n\t\t\t\t\t\t<\/div>\n\t\t\t\t<div class=\"elementor-element elementor-element-1643d11 elementor-cta--layout-image-above elementor-cta--valign-top elementor-cta--skin-classic elementor-animated-content elementor-bg-transform elementor-bg-transform-zoom-in elementor-widget elementor-widget-call-to-action\" data-id=\"1643d11\" data-element_type=\"widget\" data-e-type=\"widget\" data-widget_type=\"call-to-action.default\">\n\t\t\t\t\t\t\t<a class=\"elementor-cta\" href=\"https:\/\/agri.bioret-corp.com\/es\/sus-necesidades\/productividad-ganadera\/\">\n\t\t\t\t\t<div class=\"elementor-cta__bg-wrapper\">\n\t\t\t\t<div class=\"elementor-cta__bg elementor-bg\" style=\"background-image: url(https:\/\/agri.bioret-corp.com\/wp-content\/uploads\/sites\/6\/2024\/06\/A_prod_lait-1.svg);\" role=\"img\" aria-label=\"A_prod_lait\"><\/div>\n\t\t\t\t<div class=\"elementor-cta__bg-overlay\"><\/div>\n\t\t\t<\/div>\n\t\t\t\t\t\t\t<div class=\"elementor-cta__content\">\n\t\t\t\t\n\t\t\t\t\t\t\t\t\t<h2 class=\"elementor-cta__title elementor-cta__content-item elementor-content-item\">\n\t\t\t\t\t\tProductividad\t\t\t\t\t<\/h2>\n\t\t\t\t\n\t\t\t\t\t\t\t\t\t<div class=\"elementor-cta__description elementor-cta__content-item elementor-content-item\">\n\t\t\t\t\t\tMejorar la productividad de sus vacas lecheras es crucial para aumentar sus ingresos y garantizar la sostenibilidad de su explotaci\u00f3n.\t\t\t\t\t<\/div>\n\t\t\t\t\n\t\t\t\t\t\t\t<\/div>\n\t\t\t\t\t\t<\/a>\n\t\t\t\t\t\t<\/div>\n\t\t\t\t<div class=\"elementor-element elementor-element-a178e15 elementor-cta--layout-image-above elementor-cta--valign-top elementor-cta--skin-classic elementor-animated-content elementor-bg-transform elementor-bg-transform-zoom-in elementor-widget elementor-widget-call-to-action\" data-id=\"a178e15\" data-element_type=\"widget\" data-e-type=\"widget\" data-widget_type=\"call-to-action.default\">\n\t\t\t\t\t\t\t<a class=\"elementor-cta\" href=\"https:\/\/agri.bioret-corp.com\/es\/sus-necesidades\/comodidad-para-el-criador\/\">\n\t\t\t\t\t<div class=\"elementor-cta__bg-wrapper\">\n\t\t\t\t<div class=\"elementor-cta__bg elementor-bg\" style=\"background-image: url(https:\/\/agri.bioret-corp.com\/wp-content\/uploads\/sites\/6\/2024\/06\/A_lait-1.svg);\" role=\"img\" aria-label=\"A_lait\"><\/div>\n\t\t\t\t<div class=\"elementor-cta__bg-overlay\"><\/div>\n\t\t\t<\/div>\n\t\t\t\t\t\t\t<div class=\"elementor-cta__content\">\n\t\t\t\t\n\t\t\t\t\t\t\t\t\t<h2 class=\"elementor-cta__title elementor-cta__content-item elementor-content-item\">\n\t\t\t\t\t\tComodidad para el criador\t\t\t\t\t<\/h2>\n\t\t\t\t\n\t\t\t\t\t\t\t\t\t<div class=\"elementor-cta__description elementor-cta__content-item elementor-content-item\">\n\t\t\t\t\t\tMejorar el confort del ganadero contribuye a mejorar su calidad de vida y el cuidado de los animales.\t\t\t\t\t<\/div>\n\t\t\t\t\n\t\t\t\t\t\t\t<\/div>\n\t\t\t\t\t\t<\/a>\n\t\t\t\t\t\t<\/div>\n\t\t\t\t<div class=\"elementor-element elementor-element-fb5fc50 elementor-cta--layout-image-above elementor-cta--valign-top elementor-cta--skin-classic elementor-animated-content elementor-bg-transform elementor-bg-transform-zoom-in elementor-widget elementor-widget-call-to-action\" data-id=\"fb5fc50\" data-element_type=\"widget\" data-e-type=\"widget\" data-widget_type=\"call-to-action.default\">\n\t\t\t\t\t\t\t<a class=\"elementor-cta\" href=\"https:\/\/agri.bioret-corp.com\/es\/sus-necesidades\/toboganes-para-vacas\/\">\n\t\t\t\t\t<div class=\"elementor-cta__bg-wrapper\">\n\t\t\t\t<div class=\"elementor-cta__bg elementor-bg\" style=\"background-image: url(https:\/\/agri.bioret-corp.com\/wp-content\/uploads\/sites\/6\/2024\/06\/A_antiderapant-1.svg);\" role=\"img\" aria-label=\"A_antiderapant\"><\/div>\n\t\t\t\t<div class=\"elementor-cta__bg-overlay\"><\/div>\n\t\t\t<\/div>\n\t\t\t\t\t\t\t<div class=\"elementor-cta__content\">\n\t\t\t\t\n\t\t\t\t\t\t\t\t\t<h2 class=\"elementor-cta__title elementor-cta__content-item elementor-content-item\">\n\t\t\t\t\t\tDiapositivas\t\t\t\t\t<\/h2>\n\t\t\t\t\n\t\t\t\t\t\t\t\t\t<div class=\"elementor-cta__description elementor-cta__content-item elementor-content-item\">\n\t\t\t\t\t\t\u00a1Limite los resbalones y mantenga a sus vacas en plena forma!\t\t\t\t\t<\/div>\n\t\t\t\t\n\t\t\t\t\t\t\t<\/div>\n\t\t\t\t\t\t<\/a>\n\t\t\t\t\t\t<\/div>\n\t\t\t\t\t<\/div>\n\t\t\t\t<\/div>\n\t\t\t\t<\/div>","protected":false},"excerpt":{"rendered":"<p>\u00c0 chaque besoin nos solutions R\u00e9pondre aux besoins de l&rsquo;\u00e9leveur de vaches laiti\u00e8res A travers sa gamme de matelas pour vaches, des sols antid\u00e9rapants ou d&rsquo;autres \u00e9quipements pour \u00e9table, BIORET AGRI s&rsquo;engage aupr\u00e8s des \u00e9leveurs pour combiner bien-\u00eatre animal et productivit\u00e9. Stress thermique Le stress thermique affecte consid\u00e9rablement les vaches laiti\u00e8res : r\u00e9duction de la [&hellip;]<\/p>\n","protected":false},"author":1,"featured_media":3737,"parent":0,"menu_order":2,"comment_status":"closed","ping_status":"closed","template":"","meta":{"_acf_changed":false,"content-type":"","footnotes":""},"besoin":[],"type-de-produit":[],"class_list":["post-733","page","type-page","status-publish","has-post-thumbnail","hentry"],"acf":[],"yoast_head":"<!-- This site is optimized with the Yoast SEO plugin v27.4 - https:\/\/yoast.com\/product\/yoast-seo-wordpress\/ -->\n<title>D\u00e9couvrez nos solutions pour r\u00e9pondre \u00e0 vos besoins - BIORET AGRI<\/title>\n<meta name=\"description\" content=\"Bioret Agri a con\u00e7u de nombreuses solutions pour r\u00e9pondre aux besoins des \u00e9leveurs de vaches laiti\u00e8res, d\u00e9couvrez-les !\" \/>\n<meta name=\"robots\" content=\"index, follow, max-snippet:-1, max-image-preview:large, max-video-preview:-1\" \/>\n<link rel=\"canonical\" href=\"https:\/\/agri.bioret-corp.com\/es\/sus-necesidades\/\" \/>\n<meta property=\"og:locale\" content=\"es_ES\" \/>\n<meta property=\"og:type\" content=\"article\" \/>\n<meta property=\"og:title\" content=\"D\u00e9couvrez nos solutions pour r\u00e9pondre \u00e0 vos besoins - BIORET AGRI\" \/>\n<meta property=\"og:description\" content=\"Bioret Agri a con\u00e7u de nombreuses solutions pour r\u00e9pondre aux besoins des \u00e9leveurs de vaches laiti\u00e8res, d\u00e9couvrez-les !\" \/>\n<meta property=\"og:url\" content=\"https:\/\/agri.bioret-corp.com\/es\/sus-necesidades\/\" \/>\n<meta property=\"og:site_name\" content=\"BIORET AGRI\" \/>\n<meta property=\"article:modified_time\" content=\"2024-10-02T17:15:50+00:00\" \/>\n<meta property=\"og:image\" content=\"https:\/\/agri.bioret-corp.com\/wp-content\/uploads\/sites\/6\/2024\/08\/image.jpg\" \/>\n\t<meta property=\"og:image:width\" content=\"474\" \/>\n\t<meta property=\"og:image:height\" content=\"298\" \/>\n\t<meta property=\"og:image:type\" content=\"image\/jpeg\" \/>\n<meta name=\"twitter:card\" content=\"summary_large_image\" \/>\n<meta name=\"twitter:label1\" content=\"Tiempo de lectura\" \/>\n\t<meta name=\"twitter:data1\" content=\"2 minutos\" \/>\n<script type=\"application\/ld+json\" class=\"yoast-schema-graph\">{\"@context\":\"https:\\\/\\\/schema.org\",\"@graph\":[{\"@type\":\"WebPage\",\"@id\":\"https:\\\/\\\/agri.bioret-corp.com\\\/vos-besoins\\\/\",\"url\":\"https:\\\/\\\/agri.bioret-corp.com\\\/vos-besoins\\\/\",\"name\":\"D\u00e9couvrez nos solutions pour r\u00e9pondre \u00e0 vos besoins - BIORET AGRI\",\"isPartOf\":{\"@id\":\"https:\\\/\\\/agri.bioret-corp.com\\\/#website\"},\"primaryImageOfPage\":{\"@id\":\"https:\\\/\\\/agri.bioret-corp.com\\\/vos-besoins\\\/#primaryimage\"},\"image\":{\"@id\":\"https:\\\/\\\/agri.bioret-corp.com\\\/vos-besoins\\\/#primaryimage\"},\"thumbnailUrl\":\"https:\\\/\\\/agri.bioret-corp.com\\\/wp-content\\\/uploads\\\/sites\\\/6\\\/2024\\\/08\\\/image.jpg\",\"datePublished\":\"2024-04-16T16:02:53+00:00\",\"dateModified\":\"2024-10-02T17:15:50+00:00\",\"description\":\"Bioret Agri a con\u00e7u de nombreuses solutions pour r\u00e9pondre aux besoins des \u00e9leveurs de vaches laiti\u00e8res, d\u00e9couvrez-les !\",\"breadcrumb\":{\"@id\":\"https:\\\/\\\/agri.bioret-corp.com\\\/vos-besoins\\\/#breadcrumb\"},\"inLanguage\":\"es\",\"potentialAction\":[{\"@type\":\"ReadAction\",\"target\":[\"https:\\\/\\\/agri.bioret-corp.com\\\/vos-besoins\\\/\"]}]},{\"@type\":\"ImageObject\",\"inLanguage\":\"es\",\"@id\":\"https:\\\/\\\/agri.bioret-corp.com\\\/vos-besoins\\\/#primaryimage\",\"url\":\"https:\\\/\\\/agri.bioret-corp.com\\\/wp-content\\\/uploads\\\/sites\\\/6\\\/2024\\\/08\\\/image.jpg\",\"contentUrl\":\"https:\\\/\\\/agri.bioret-corp.com\\\/wp-content\\\/uploads\\\/sites\\\/6\\\/2024\\\/08\\\/image.jpg\",\"width\":474,\"height\":298,\"caption\":\"Vache couch\u00e9e dans une logette de couchage\"},{\"@type\":\"BreadcrumbList\",\"@id\":\"https:\\\/\\\/agri.bioret-corp.com\\\/vos-besoins\\\/#breadcrumb\",\"itemListElement\":[{\"@type\":\"ListItem\",\"position\":1,\"name\":\"Accueil\",\"item\":\"https:\\\/\\\/agri.bioret-corp.com\\\/\"},{\"@type\":\"ListItem\",\"position\":2,\"name\":\"Vos besoins\"}]},{\"@type\":\"WebSite\",\"@id\":\"https:\\\/\\\/agri.bioret-corp.com\\\/#website\",\"url\":\"https:\\\/\\\/agri.bioret-corp.com\\\/\",\"name\":\"BIORET AGRI\",\"description\":\"\",\"potentialAction\":[{\"@type\":\"SearchAction\",\"target\":{\"@type\":\"EntryPoint\",\"urlTemplate\":\"https:\\\/\\\/agri.bioret-corp.com\\\/?s={search_term_string}\"},\"query-input\":{\"@type\":\"PropertyValueSpecification\",\"valueRequired\":true,\"valueName\":\"search_term_string\"}}],\"inLanguage\":\"es\"}]}<\/script>\n<!-- \/ Yoast SEO plugin. -->","yoast_head_json":{"title":"Descubra nuestras soluciones para satisfacer sus necesidades - BIORET AGRI","description":"Bioret Agri ha dise\u00f1ado una serie de soluciones para responder a las necesidades de los ganaderos lecheros. \u00a1Descubra m\u00e1s!","robots":{"index":"index","follow":"follow","max-snippet":"max-snippet:-1","max-image-preview":"max-image-preview:large","max-video-preview":"max-video-preview:-1"},"canonical":"https:\/\/agri.bioret-corp.com\/es\/sus-necesidades\/","og_locale":"es_ES","og_type":"article","og_title":"D\u00e9couvrez nos solutions pour r\u00e9pondre \u00e0 vos besoins - BIORET AGRI","og_description":"Bioret Agri a con\u00e7u de nombreuses solutions pour r\u00e9pondre aux besoins des \u00e9leveurs de vaches laiti\u00e8res, d\u00e9couvrez-les !","og_url":"https:\/\/agri.bioret-corp.com\/es\/sus-necesidades\/","og_site_name":"BIORET AGRI","article_modified_time":"2024-10-02T17:15:50+00:00","og_image":[{"width":474,"height":298,"url":"https:\/\/agri.bioret-corp.com\/wp-content\/uploads\/sites\/6\/2024\/08\/image.jpg","type":"image\/jpeg"}],"twitter_card":"summary_large_image","twitter_misc":{"Tiempo de lectura":"2 minutos"},"schema":{"@context":"https:\/\/schema.org","@graph":[{"@type":"WebPage","@id":"https:\/\/agri.bioret-corp.com\/vos-besoins\/","url":"https:\/\/agri.bioret-corp.com\/vos-besoins\/","name":"Descubra nuestras soluciones para satisfacer sus necesidades - BIORET AGRI","isPartOf":{"@id":"https:\/\/agri.bioret-corp.com\/#website"},"primaryImageOfPage":{"@id":"https:\/\/agri.bioret-corp.com\/vos-besoins\/#primaryimage"},"image":{"@id":"https:\/\/agri.bioret-corp.com\/vos-besoins\/#primaryimage"},"thumbnailUrl":"https:\/\/agri.bioret-corp.com\/wp-content\/uploads\/sites\/6\/2024\/08\/image.jpg","datePublished":"2024-04-16T16:02:53+00:00","dateModified":"2024-10-02T17:15:50+00:00","description":"Bioret Agri ha dise\u00f1ado una serie de soluciones para responder a las necesidades de los ganaderos lecheros. \u00a1Descubra m\u00e1s!","breadcrumb":{"@id":"https:\/\/agri.bioret-corp.com\/vos-besoins\/#breadcrumb"},"inLanguage":"es","potentialAction":[{"@type":"ReadAction","target":["https:\/\/agri.bioret-corp.com\/vos-besoins\/"]}]},{"@type":"ImageObject","inLanguage":"es","@id":"https:\/\/agri.bioret-corp.com\/vos-besoins\/#primaryimage","url":"https:\/\/agri.bioret-corp.com\/wp-content\/uploads\/sites\/6\/2024\/08\/image.jpg","contentUrl":"https:\/\/agri.bioret-corp.com\/wp-content\/uploads\/sites\/6\/2024\/08\/image.jpg","width":474,"height":298,"caption":"Vache couch\u00e9e dans une logette de couchage"},{"@type":"BreadcrumbList","@id":"https:\/\/agri.bioret-corp.com\/vos-besoins\/#breadcrumb","itemListElement":[{"@type":"ListItem","position":1,"name":"Accueil","item":"https:\/\/agri.bioret-corp.com\/"},{"@type":"ListItem","position":2,"name":"Vos besoins"}]},{"@type":"WebSite","@id":"https:\/\/agri.bioret-corp.com\/#website","url":"https:\/\/agri.bioret-corp.com\/","name":"BIORET AGRI","description":"","potentialAction":[{"@type":"SearchAction","target":{"@type":"EntryPoint","urlTemplate":"https:\/\/agri.bioret-corp.com\/?s={search_term_string}"},"query-input":{"@type":"PropertyValueSpecification","valueRequired":true,"valueName":"search_term_string"}}],"inLanguage":"es"}]}},"_links":{"self":[{"href":"https:\/\/agri.bioret-corp.com\/es\/wp-json\/wp\/v2\/pages\/733","targetHints":{"allow":["GET"]}}],"collection":[{"href":"https:\/\/agri.bioret-corp.com\/es\/wp-json\/wp\/v2\/pages"}],"about":[{"href":"https:\/\/agri.bioret-corp.com\/es\/wp-json\/wp\/v2\/types\/page"}],"author":[{"embeddable":true,"href":"https:\/\/agri.bioret-corp.com\/es\/wp-json\/wp\/v2\/users\/1"}],"replies":[{"embeddable":true,"href":"https:\/\/agri.bioret-corp.com\/es\/wp-json\/wp\/v2\/comments?post=733"}],"version-history":[{"count":25,"href":"https:\/\/agri.bioret-corp.com\/es\/wp-json\/wp\/v2\/pages\/733\/revisions"}],"predecessor-version":[{"id":4402,"href":"https:\/\/agri.bioret-corp.com\/es\/wp-json\/wp\/v2\/pages\/733\/revisions\/4402"}],"wp:featuredmedia":[{"embeddable":true,"href":"https:\/\/agri.bioret-corp.com\/es\/wp-json\/wp\/v2\/media\/3737"}],"wp:attachment":[{"href":"https:\/\/agri.bioret-corp.com\/es\/wp-json\/wp\/v2\/media?parent=733"}],"wp:term":[{"taxonomy":"besoin","embeddable":true,"href":"https:\/\/agri.bioret-corp.com\/es\/wp-json\/wp\/v2\/besoin?post=733"},{"taxonomy":"type-de-produit","embeddable":true,"href":"https:\/\/agri.bioret-corp.com\/es\/wp-json\/wp\/v2\/type-de-produit?post=733"}],"curies":[{"name":"wp","href":"https:\/\/api.w.org\/{rel}","templated":true}]}}