{"id":1146,"date":"2024-05-13T13:37:24","date_gmt":"2024-05-13T11:37:24","guid":{"rendered":"https:\/\/agri.bioret-corp.com\/?page_id=1146"},"modified":"2024-10-02T19:11:56","modified_gmt":"2024-10-02T17:11:56","slug":"nasze-produkty","status":"publish","type":"page","link":"https:\/\/agri.bioret-corp.com\/pl\/nos-produits\/","title":{"rendered":"Nasze produkty"},"content":{"rendered":"<div data-elementor-type=\"wp-page\" data-elementor-id=\"1146\" class=\"elementor elementor-1146\" data-elementor-post-type=\"page\">\n\t\t\t\t<div class=\"elementor-element elementor-element-c36b62c e-flex e-con-boxed e-con e-parent\" data-id=\"c36b62c\" data-element_type=\"container\" data-e-type=\"container\" data-settings=\"{&quot;jet_parallax_layout_list&quot;:[]}\">\n\t\t\t\t\t<div class=\"e-con-inner\">\n\t\t\t\t<div class=\"elementor-element elementor-element-6f2b615 elementor-widget elementor-widget-breadcrumbs\" data-id=\"6f2b615\" data-element_type=\"widget\" data-e-type=\"widget\" data-widget_type=\"breadcrumbs.default\">\n\t\t\t\t\t<p id=\"breadcrumbs\"><span><span><a href=\"https:\/\/agri.bioret-corp.com\/pl\/\">Strona g\u0142\u00f3wna<\/a><\/span><\/span><\/p>\t\t\t\t<\/div>\n\t\t\t\t\t<\/div>\n\t\t\t\t<\/div>\n\t\t<div class=\"elementor-element elementor-element-1f8641d e-flex e-con-boxed e-con e-parent\" data-id=\"1f8641d\" data-element_type=\"container\" data-e-type=\"container\" data-settings=\"{&quot;jet_parallax_layout_list&quot;:[]}\">\n\t\t\t\t\t<div class=\"e-con-inner\">\n\t\t<div class=\"elementor-element elementor-element-941c37f e-con-full e-flex e-con e-child\" data-id=\"941c37f\" data-element_type=\"container\" data-e-type=\"container\" data-settings=\"{&quot;background_background&quot;:&quot;classic&quot;,&quot;jet_parallax_layout_list&quot;:[]}\">\n\t\t\t\t<div class=\"elementor-element elementor-element-8588798 elementor-widget elementor-widget-heading\" data-id=\"8588798\" data-element_type=\"widget\" data-e-type=\"widget\" data-widget_type=\"heading.default\">\n\t\t\t\t\t<div class=\"elementor-heading-title elementor-size-default\">Na ka\u017cd\u0105 potrzeb\u0119 <b>nasze rozwi\u0105zania<\/b><\/div>\t\t\t\t<\/div>\n\t\t\t\t<\/div>\n\t\t<div class=\"elementor-element elementor-element-e8b4e0e e-con-full e-flex e-con e-child\" data-id=\"e8b4e0e\" data-element_type=\"container\" data-e-type=\"container\" data-settings=\"{&quot;background_background&quot;:&quot;classic&quot;,&quot;jet_parallax_layout_list&quot;:[]}\">\n\t\t\t\t<div class=\"elementor-element elementor-element-9f5f178 elementor-widget elementor-widget-image\" data-id=\"9f5f178\" data-element_type=\"widget\" data-e-type=\"widget\" data-widget_type=\"image.default\">\n\t\t\t\t\t\t\t\t\t\t\t\t\t\t\t<img decoding=\"async\" width=\"27\" height=\"48\" src=\"https:\/\/agri.bioret-corp.com\/wp-content\/uploads\/sites\/6\/2024\/05\/fleche-rouge.svg\" class=\"attachment-large size-large wp-image-1479\" alt=\"Czerwona strza\u0142ka\" \/>\t\t\t\t\t\t\t\t\t\t\t\t\t\t\t<\/div>\n\t\t\t\t<\/div>\n\t\t\t\t\t<\/div>\n\t\t\t\t<\/div>\n\t\t<div class=\"elementor-element elementor-element-6df4514 e-flex e-con-boxed e-con e-parent\" data-id=\"6df4514\" data-element_type=\"container\" data-e-type=\"container\" data-settings=\"{&quot;jet_parallax_layout_list&quot;:[]}\">\n\t\t\t\t\t<div class=\"e-con-inner\">\n\t\t<div class=\"elementor-element elementor-element-e1e62c2 e-con-full e-flex e-con e-child\" data-id=\"e1e62c2\" data-element_type=\"container\" data-e-type=\"container\" data-settings=\"{&quot;background_background&quot;:&quot;classic&quot;,&quot;jet_parallax_layout_list&quot;:[]}\">\n\t\t\t\t<div class=\"elementor-element elementor-element-0fa5a66 elementor-widget elementor-widget-heading\" data-id=\"0fa5a66\" data-element_type=\"widget\" data-e-type=\"widget\" data-widget_type=\"heading.default\">\n\t\t\t\t\t<h1 class=\"elementor-heading-title elementor-size-default\">Rozwi\u0105zania BIORET AGRI<\/h1>\t\t\t\t<\/div>\n\t\t\t\t<div class=\"elementor-element elementor-element-fbd569c elementor-widget elementor-widget-text-editor\" data-id=\"fbd569c\" data-element_type=\"widget\" data-e-type=\"widget\" data-widget_type=\"text-editor.default\">\n\t\t\t\t\t\t\t\t\t<p>BIORET AGRI oferuje szerok\u0105 gam\u0119 produkt\u00f3w dedykowanych komfortowi zwierz\u0105t, produktywno\u015bci i zdrowiu gospodarstwa oraz komfortowi rolnika.<\/p><p>Niezale\u017cnie od tego, czy szukasz materacy dla kr\u00f3w, antypo\u015blizgowych pod\u0142\u00f3g czy innego wyposa\u017cenia do swojej obory, mamy wszystko, czego potrzebujesz.<\/p>\t\t\t\t\t\t\t\t<\/div>\n\t\t\t\t<\/div>\n\t\t<div class=\"elementor-element elementor-element-2d8d8b9 e-con-full e-flex e-con e-child\" data-id=\"2d8d8b9\" data-element_type=\"container\" data-e-type=\"container\" data-settings=\"{&quot;background_background&quot;:&quot;classic&quot;,&quot;jet_parallax_layout_list&quot;:[]}\">\n\t\t\t\t<\/div>\n\t\t\t\t\t<\/div>\n\t\t\t\t<\/div>\n\t\t<div class=\"elementor-element elementor-element-882906a e-flex e-con-boxed e-con e-parent\" data-id=\"882906a\" data-element_type=\"container\" data-e-type=\"container\" data-settings=\"{&quot;background_background&quot;:&quot;classic&quot;,&quot;jet_parallax_layout_list&quot;:[]}\">\n\t\t\t\t\t<div class=\"e-con-inner\">\n\t\t<div class=\"elementor-element elementor-element-def36db e-flex e-con-boxed e-con e-child\" data-id=\"def36db\" data-element_type=\"container\" data-e-type=\"container\" data-settings=\"{&quot;jet_parallax_layout_list&quot;:[]}\">\n\t\t\t\t\t<div class=\"e-con-inner\">\n\t\t<div class=\"elementor-element elementor-element-becb3e7 e-grid e-con-boxed e-con e-child\" data-id=\"becb3e7\" data-element_type=\"container\" data-e-type=\"container\" data-settings=\"{&quot;jet_parallax_layout_list&quot;:[]}\">\n\t\t\t\t\t<div class=\"e-con-inner\">\n\t\t\t\t<div class=\"elementor-element elementor-element-878fe19 elementor-cta--skin-classic elementor-animated-content elementor-bg-transform elementor-bg-transform-zoom-in elementor-widget elementor-widget-call-to-action\" data-id=\"878fe19\" data-element_type=\"widget\" data-e-type=\"widget\" data-widget_type=\"call-to-action.default\">\n\t\t\t\t\t\t\t<a class=\"elementor-cta\" href=\"https:\/\/agri.bioret-corp.com\/pl\/nasze-produkty\/rynek-pasz-dla-krow\/\">\n\t\t\t\t\t<div class=\"elementor-cta__bg-wrapper\">\n\t\t\t\t<div class=\"elementor-cta__bg elementor-bg\" style=\"background-image: url(https:\/\/agri.bioret-corp.com\/wp-content\/uploads\/sites\/6\/2024\/06\/feedingstep_1.jpg);\" role=\"img\" aria-label=\"etap karmienia\"><\/div>\n\t\t\t\t<div class=\"elementor-cta__bg-overlay\"><\/div>\n\t\t\t<\/div>\n\t\t\t\t\t\t\t<div class=\"elementor-cta__content\">\n\t\t\t\t\n\t\t\t\t\t\t\t\t\t<h2 class=\"elementor-cta__title elementor-cta__content-item elementor-content-item\">\n\t\t\t\t\t\tZasilanie w\u0142\u0105czone\t\t\t\t\t<\/h2>\n\t\t\t\t\n\t\t\t\t\n\t\t\t\t\t\t\t<\/div>\n\t\t\t\t\t\t<\/a>\n\t\t\t\t\t\t<\/div>\n\t\t\t\t<div class=\"elementor-element elementor-element-7d5d1a5 elementor-cta--skin-classic elementor-animated-content elementor-bg-transform elementor-bg-transform-zoom-in elementor-widget elementor-widget-call-to-action\" data-id=\"7d5d1a5\" data-element_type=\"widget\" data-e-type=\"widget\" data-widget_type=\"call-to-action.default\">\n\t\t\t\t\t\t\t<a class=\"elementor-cta\" href=\"https:\/\/agri.bioret-corp.com\/pl\/nasze-produkty\/podlogi-antyposlizgowe-dla-krow\/\">\n\t\t\t\t\t<div class=\"elementor-cta__bg-wrapper\">\n\t\t\t\t<div class=\"elementor-cta__bg elementor-bg\" style=\"background-image: url(https:\/\/agri.bioret-corp.com\/wp-content\/uploads\/sites\/6\/2024\/04\/MAGELLAN-APERCU.jpg);\" role=\"img\" aria-label=\"Stabilna mata Magellan\"><\/div>\n\t\t\t\t<div class=\"elementor-cta__bg-overlay\"><\/div>\n\t\t\t<\/div>\n\t\t\t\t\t\t\t<div class=\"elementor-cta__content\">\n\t\t\t\t\n\t\t\t\t\t\t\t\t\t<h2 class=\"elementor-cta__title elementor-cta__content-item elementor-content-item\">\n\t\t\t\t\t\tPod\u0142ogi antypo\u015blizgowe\t\t\t\t\t<\/h2>\n\t\t\t\t\n\t\t\t\t\n\t\t\t\t\t\t\t<\/div>\n\t\t\t\t\t\t<\/a>\n\t\t\t\t\t\t<\/div>\n\t\t\t\t<div class=\"elementor-element elementor-element-320188d elementor-cta--skin-classic elementor-animated-content elementor-bg-transform elementor-bg-transform-zoom-in elementor-widget elementor-widget-call-to-action\" data-id=\"320188d\" data-element_type=\"widget\" data-e-type=\"widget\" data-widget_type=\"call-to-action.default\">\n\t\t\t\t\t\t\t<a class=\"elementor-cta\" href=\"https:\/\/agri.bioret-corp.com\/pl\/nasze-produkty\/ventilation-etable\/\">\n\t\t\t\t\t<div class=\"elementor-cta__bg-wrapper\">\n\t\t\t\t<div class=\"elementor-cta__bg elementor-bg\" style=\"background-image: url(https:\/\/agri.bioret-corp.com\/wp-content\/uploads\/sites\/6\/2024\/04\/BARN.jpg);\" role=\"img\" aria-label=\"Stodo\u0142a\"><\/div>\n\t\t\t\t<div class=\"elementor-cta__bg-overlay\"><\/div>\n\t\t\t<\/div>\n\t\t\t\t\t\t\t<div class=\"elementor-cta__content\">\n\t\t\t\t\n\t\t\t\t\t\t\t\t\t<h2 class=\"elementor-cta__title elementor-cta__content-item elementor-content-item\">\n\t\t\t\t\t\tWentylacja\t\t\t\t\t<\/h2>\n\t\t\t\t\n\t\t\t\t\n\t\t\t\t\t\t\t<\/div>\n\t\t\t\t\t\t<\/a>\n\t\t\t\t\t\t<\/div>\n\t\t\t\t<div class=\"elementor-element elementor-element-a8988d5 elementor-cta--skin-classic elementor-animated-content elementor-bg-transform elementor-bg-transform-zoom-in elementor-widget elementor-widget-call-to-action\" data-id=\"a8988d5\" data-element_type=\"widget\" data-e-type=\"widget\" data-widget_type=\"call-to-action.default\">\n\t\t\t\t\t\t\t<a class=\"elementor-cta\" href=\"https:\/\/agri.bioret-corp.com\/pl\/nasze-produkty\/accessoires-etables\/\">\n\t\t\t\t\t<div class=\"elementor-cta__bg-wrapper\">\n\t\t\t\t<div class=\"elementor-cta__bg elementor-bg\" style=\"background-image: url(https:\/\/agri.bioret-corp.com\/wp-content\/uploads\/sites\/6\/2024\/05\/gratogratte_3.jpg);\" role=\"img\" aria-label=\"gratogratte_3\"><\/div>\n\t\t\t\t<div class=\"elementor-cta__bg-overlay\"><\/div>\n\t\t\t<\/div>\n\t\t\t\t\t\t\t<div class=\"elementor-cta__content\">\n\t\t\t\t\n\t\t\t\t\t\t\t\t\t<h2 class=\"elementor-cta__title elementor-cta__content-item elementor-content-item\">\n\t\t\t\t\t\tStabilne akcesoria\t\t\t\t\t<\/h2>\n\t\t\t\t\n\t\t\t\t\n\t\t\t\t\t\t\t<\/div>\n\t\t\t\t\t\t<\/a>\n\t\t\t\t\t\t<\/div>\n\t\t\t\t<div class=\"elementor-element elementor-element-bc8b65e elementor-cta--skin-classic elementor-animated-content elementor-bg-transform elementor-bg-transform-zoom-in elementor-widget elementor-widget-call-to-action\" data-id=\"bc8b65e\" data-element_type=\"widget\" data-e-type=\"widget\" data-widget_type=\"call-to-action.default\">\n\t\t\t\t\t\t\t<a class=\"elementor-cta\" href=\"https:\/\/agri.bioret-corp.com\/pl\/nasze-produkty\/materace-dla-krow\/\">\n\t\t\t\t\t<div class=\"elementor-cta__bg-wrapper\">\n\t\t\t\t<div class=\"elementor-cta__bg elementor-bg\" style=\"background-image: url(https:\/\/agri.bioret-corp.com\/wp-content\/uploads\/sites\/6\/2024\/04\/MATELAS_POUR-VACHE.png);\" role=\"img\" aria-label=\"MATERAC KROWA\"><\/div>\n\t\t\t\t<div class=\"elementor-cta__bg-overlay\"><\/div>\n\t\t\t<\/div>\n\t\t\t\t\t\t\t<div class=\"elementor-cta__content\">\n\t\t\t\t\n\t\t\t\t\t\t\t\t\t<h2 class=\"elementor-cta__title elementor-cta__content-item elementor-content-item\">\n\t\t\t\t\t\tMaterac dla kr\u00f3w\t\t\t\t\t<\/h2>\n\t\t\t\t\n\t\t\t\t\n\t\t\t\t\t\t\t<\/div>\n\t\t\t\t\t\t<\/a>\n\t\t\t\t\t\t<\/div>\n\t\t\t\t\t<\/div>\n\t\t\t\t<\/div>\n\t\t\t\t\t<\/div>\n\t\t\t\t<\/div>\n\t\t\t\t<div class=\"elementor-element elementor-element-6e8e715 elementor-align-right elementor-mobile-align-center elementor-widget elementor-widget-button\" data-id=\"6e8e715\" data-element_type=\"widget\" data-e-type=\"widget\" data-widget_type=\"button.default\">\n\t\t\t\t\t\t\t\t\t\t<a class=\"elementor-button elementor-button-link elementor-size-sm\" href=\"https:\/\/agri.bioret-corp.com\/pl\/kontakt\/\">\n\t\t\t\t\t\t<span class=\"elementor-button-content-wrapper\">\n\t\t\t\t\t\t<span class=\"elementor-button-icon\">\n\t\t\t\t<svg aria-hidden=\"true\" class=\"e-font-icon-svg e-fas-long-arrow-alt-right\" viewbox=\"0 0 448 512\" xmlns=\"http:\/\/www.w3.org\/2000\/svg\"><path d=\"M313.941 216H12c-6.627 0-12 5.373-12 12v56c0 6.627 5.373 12 12 12h301.941v46.059c0 21.382 25.851 32.09 40.971 16.971l86.059-86.059c9.373-9.373 9.373-24.569 0-33.941l-86.059-86.059c-15.119-15.119-40.971-4.411-40.971 16.971V216z\"><\/path><\/svg>\t\t\t<\/span>\n\t\t\t\t\t\t\t\t\t<span class=\"elementor-button-text\">Zapytaj o nasz katalog<\/span>\n\t\t\t\t\t<\/span>\n\t\t\t\t\t<\/a>\n\t\t\t\t\t\t\t\t<\/div>\n\t\t\t\t\t<\/div>\n\t\t\t\t<\/div>\n\t\t\t\t<\/div>","protected":false},"excerpt":{"rendered":"<p>\u00c0 chaque besoin nos solutions Les solutions BIORET AGRI BIORET AGRI propose une large gamme de produit d\u00e9di\u00e9s au confort animal, \u00e0 la productivit\u00e9 et \u00e0 la sant\u00e9 des \u00e9levages,\u00a0 au confort de l&rsquo;\u00e9leveur. Que vous recherchiez des matelas pour vaches, des sols antid\u00e9rapants ou d&rsquo;autres \u00e9quipements pour votre \u00e9table, nous sommes \u00e0 vos c\u00f4t\u00e9s. [&hellip;]<\/p>\n","protected":false},"author":1,"featured_media":3260,"parent":0,"menu_order":1,"comment_status":"closed","ping_status":"closed","template":"","meta":{"_acf_changed":false,"content-type":"","footnotes":""},"besoin":[],"type-de-produit":[],"class_list":["post-1146","page","type-page","status-publish","has-post-thumbnail","hentry"],"acf":[],"yoast_head":"<!-- This site is optimized with the Yoast SEO plugin v27.4 - https:\/\/yoast.com\/product\/yoast-seo-wordpress\/ -->\n<title>Tous nos produits - BIORET AGRI<\/title>\n<meta name=\"description\" content=\"D\u00e9couvrez tous les produits BIORET AGRI pour am\u00e9liorer le confort animal, celui de l&#039;\u00e9leveur et la productivit\u00e9 de l&#039;exploitation.\" \/>\n<meta name=\"robots\" content=\"index, follow, max-snippet:-1, max-image-preview:large, max-video-preview:-1\" \/>\n<link rel=\"canonical\" href=\"https:\/\/agri.bioret-corp.com\/pl\/nasze-produkty\/\" \/>\n<meta property=\"og:locale\" content=\"pl_PL\" \/>\n<meta property=\"og:type\" content=\"article\" \/>\n<meta property=\"og:title\" content=\"Tous nos produits - BIORET AGRI\" \/>\n<meta property=\"og:description\" content=\"D\u00e9couvrez tous les produits BIORET AGRI pour am\u00e9liorer le confort animal, celui de l&#039;\u00e9leveur et la productivit\u00e9 de l&#039;exploitation.\" \/>\n<meta property=\"og:url\" content=\"https:\/\/agri.bioret-corp.com\/pl\/nasze-produkty\/\" \/>\n<meta property=\"og:site_name\" content=\"BIORET AGRI\" \/>\n<meta property=\"article:modified_time\" content=\"2024-10-02T17:11:56+00:00\" \/>\n<meta property=\"og:image\" content=\"https:\/\/agri.bioret-corp.com\/wp-content\/uploads\/sites\/6\/2024\/06\/Bioret-Agri-Mattresses.jpg\" \/>\n\t<meta property=\"og:image:width\" content=\"1536\" \/>\n\t<meta property=\"og:image:height\" content=\"1024\" \/>\n\t<meta property=\"og:image:type\" content=\"image\/jpeg\" \/>\n<meta name=\"twitter:card\" content=\"summary_large_image\" \/>\n<meta name=\"twitter:label1\" content=\"Szacowany czas czytania\" \/>\n\t<meta name=\"twitter:data1\" content=\"1 minuta\" \/>\n<script type=\"application\/ld+json\" class=\"yoast-schema-graph\">{\"@context\":\"https:\\\/\\\/schema.org\",\"@graph\":[{\"@type\":\"WebPage\",\"@id\":\"https:\\\/\\\/agri.bioret-corp.com\\\/nos-produits\\\/\",\"url\":\"https:\\\/\\\/agri.bioret-corp.com\\\/nos-produits\\\/\",\"name\":\"Tous nos produits - BIORET AGRI\",\"isPartOf\":{\"@id\":\"https:\\\/\\\/agri.bioret-corp.com\\\/#website\"},\"primaryImageOfPage\":{\"@id\":\"https:\\\/\\\/agri.bioret-corp.com\\\/nos-produits\\\/#primaryimage\"},\"image\":{\"@id\":\"https:\\\/\\\/agri.bioret-corp.com\\\/nos-produits\\\/#primaryimage\"},\"thumbnailUrl\":\"https:\\\/\\\/agri.bioret-corp.com\\\/wp-content\\\/uploads\\\/sites\\\/6\\\/2024\\\/06\\\/Bioret-Agri-Mattresses.jpg\",\"datePublished\":\"2024-05-13T11:37:24+00:00\",\"dateModified\":\"2024-10-02T17:11:56+00:00\",\"description\":\"D\u00e9couvrez tous les produits BIORET AGRI pour am\u00e9liorer le confort animal, celui de l'\u00e9leveur et la productivit\u00e9 de l'exploitation.\",\"breadcrumb\":{\"@id\":\"https:\\\/\\\/agri.bioret-corp.com\\\/nos-produits\\\/#breadcrumb\"},\"inLanguage\":\"pl-PL\",\"potentialAction\":[{\"@type\":\"ReadAction\",\"target\":[\"https:\\\/\\\/agri.bioret-corp.com\\\/nos-produits\\\/\"]}]},{\"@type\":\"ImageObject\",\"inLanguage\":\"pl-PL\",\"@id\":\"https:\\\/\\\/agri.bioret-corp.com\\\/nos-produits\\\/#primaryimage\",\"url\":\"https:\\\/\\\/agri.bioret-corp.com\\\/wp-content\\\/uploads\\\/sites\\\/6\\\/2024\\\/06\\\/Bioret-Agri-Mattresses.jpg\",\"contentUrl\":\"https:\\\/\\\/agri.bioret-corp.com\\\/wp-content\\\/uploads\\\/sites\\\/6\\\/2024\\\/06\\\/Bioret-Agri-Mattresses.jpg\",\"width\":1536,\"height\":1024},{\"@type\":\"BreadcrumbList\",\"@id\":\"https:\\\/\\\/agri.bioret-corp.com\\\/nos-produits\\\/#breadcrumb\",\"itemListElement\":[{\"@type\":\"ListItem\",\"position\":1,\"name\":\"Accueil\",\"item\":\"https:\\\/\\\/agri.bioret-corp.com\\\/\"},{\"@type\":\"ListItem\",\"position\":2,\"name\":\"Nos produits\"}]},{\"@type\":\"WebSite\",\"@id\":\"https:\\\/\\\/agri.bioret-corp.com\\\/#website\",\"url\":\"https:\\\/\\\/agri.bioret-corp.com\\\/\",\"name\":\"BIORET AGRI\",\"description\":\"\",\"potentialAction\":[{\"@type\":\"SearchAction\",\"target\":{\"@type\":\"EntryPoint\",\"urlTemplate\":\"https:\\\/\\\/agri.bioret-corp.com\\\/?s={search_term_string}\"},\"query-input\":{\"@type\":\"PropertyValueSpecification\",\"valueRequired\":true,\"valueName\":\"search_term_string\"}}],\"inLanguage\":\"pl-PL\"}]}<\/script>\n<!-- \/ Yoast SEO plugin. -->","yoast_head_json":{"title":"Wszystkie nasze produkty - BIORET AGRI","description":"Odkryj wszystkie produkty BIORET AGRI, aby poprawi\u0107 komfort zwierz\u0105t, komfort hodowc\u00f3w i wydajno\u015b\u0107 gospodarstwa.","robots":{"index":"index","follow":"follow","max-snippet":"max-snippet:-1","max-image-preview":"max-image-preview:large","max-video-preview":"max-video-preview:-1"},"canonical":"https:\/\/agri.bioret-corp.com\/pl\/nasze-produkty\/","og_locale":"pl_PL","og_type":"article","og_title":"Tous nos produits - BIORET AGRI","og_description":"D\u00e9couvrez tous les produits BIORET AGRI pour am\u00e9liorer le confort animal, celui de l'\u00e9leveur et la productivit\u00e9 de l'exploitation.","og_url":"https:\/\/agri.bioret-corp.com\/pl\/nasze-produkty\/","og_site_name":"BIORET AGRI","article_modified_time":"2024-10-02T17:11:56+00:00","og_image":[{"width":1536,"height":1024,"url":"https:\/\/agri.bioret-corp.com\/wp-content\/uploads\/sites\/6\/2024\/06\/Bioret-Agri-Mattresses.jpg","type":"image\/jpeg"}],"twitter_card":"summary_large_image","twitter_misc":{"Szacowany czas czytania":"1 minuta"},"schema":{"@context":"https:\/\/schema.org","@graph":[{"@type":"WebPage","@id":"https:\/\/agri.bioret-corp.com\/nos-produits\/","url":"https:\/\/agri.bioret-corp.com\/nos-produits\/","name":"Wszystkie nasze produkty - BIORET AGRI","isPartOf":{"@id":"https:\/\/agri.bioret-corp.com\/#website"},"primaryImageOfPage":{"@id":"https:\/\/agri.bioret-corp.com\/nos-produits\/#primaryimage"},"image":{"@id":"https:\/\/agri.bioret-corp.com\/nos-produits\/#primaryimage"},"thumbnailUrl":"https:\/\/agri.bioret-corp.com\/wp-content\/uploads\/sites\/6\/2024\/06\/Bioret-Agri-Mattresses.jpg","datePublished":"2024-05-13T11:37:24+00:00","dateModified":"2024-10-02T17:11:56+00:00","description":"Odkryj wszystkie produkty BIORET AGRI, aby poprawi\u0107 komfort zwierz\u0105t, komfort hodowc\u00f3w i wydajno\u015b\u0107 gospodarstwa.","breadcrumb":{"@id":"https:\/\/agri.bioret-corp.com\/nos-produits\/#breadcrumb"},"inLanguage":"pl-PL","potentialAction":[{"@type":"ReadAction","target":["https:\/\/agri.bioret-corp.com\/nos-produits\/"]}]},{"@type":"ImageObject","inLanguage":"pl-PL","@id":"https:\/\/agri.bioret-corp.com\/nos-produits\/#primaryimage","url":"https:\/\/agri.bioret-corp.com\/wp-content\/uploads\/sites\/6\/2024\/06\/Bioret-Agri-Mattresses.jpg","contentUrl":"https:\/\/agri.bioret-corp.com\/wp-content\/uploads\/sites\/6\/2024\/06\/Bioret-Agri-Mattresses.jpg","width":1536,"height":1024},{"@type":"BreadcrumbList","@id":"https:\/\/agri.bioret-corp.com\/nos-produits\/#breadcrumb","itemListElement":[{"@type":"ListItem","position":1,"name":"Accueil","item":"https:\/\/agri.bioret-corp.com\/"},{"@type":"ListItem","position":2,"name":"Nos produits"}]},{"@type":"WebSite","@id":"https:\/\/agri.bioret-corp.com\/#website","url":"https:\/\/agri.bioret-corp.com\/","name":"BIORET AGRI","description":"","potentialAction":[{"@type":"SearchAction","target":{"@type":"EntryPoint","urlTemplate":"https:\/\/agri.bioret-corp.com\/?s={search_term_string}"},"query-input":{"@type":"PropertyValueSpecification","valueRequired":true,"valueName":"search_term_string"}}],"inLanguage":"pl-PL"}]}},"_links":{"self":[{"href":"https:\/\/agri.bioret-corp.com\/pl\/wp-json\/wp\/v2\/pages\/1146","targetHints":{"allow":["GET"]}}],"collection":[{"href":"https:\/\/agri.bioret-corp.com\/pl\/wp-json\/wp\/v2\/pages"}],"about":[{"href":"https:\/\/agri.bioret-corp.com\/pl\/wp-json\/wp\/v2\/types\/page"}],"author":[{"embeddable":true,"href":"https:\/\/agri.bioret-corp.com\/pl\/wp-json\/wp\/v2\/users\/1"}],"replies":[{"embeddable":true,"href":"https:\/\/agri.bioret-corp.com\/pl\/wp-json\/wp\/v2\/comments?post=1146"}],"version-history":[{"count":13,"href":"https:\/\/agri.bioret-corp.com\/pl\/wp-json\/wp\/v2\/pages\/1146\/revisions"}],"predecessor-version":[{"id":4399,"href":"https:\/\/agri.bioret-corp.com\/pl\/wp-json\/wp\/v2\/pages\/1146\/revisions\/4399"}],"wp:featuredmedia":[{"embeddable":true,"href":"https:\/\/agri.bioret-corp.com\/pl\/wp-json\/wp\/v2\/media\/3260"}],"wp:attachment":[{"href":"https:\/\/agri.bioret-corp.com\/pl\/wp-json\/wp\/v2\/media?parent=1146"}],"wp:term":[{"taxonomy":"besoin","embeddable":true,"href":"https:\/\/agri.bioret-corp.com\/pl\/wp-json\/wp\/v2\/besoin?post=1146"},{"taxonomy":"type-de-produit","embeddable":true,"href":"https:\/\/agri.bioret-corp.com\/pl\/wp-json\/wp\/v2\/type-de-produit?post=1146"}],"curies":[{"name":"wp","href":"https:\/\/api.w.org\/{rel}","templated":true}]}}