{"id":1146,"date":"2024-05-13T13:37:24","date_gmt":"2024-05-13T11:37:24","guid":{"rendered":"https:\/\/agri.bioret-corp.com\/?page_id=1146"},"modified":"2024-10-02T19:11:56","modified_gmt":"2024-10-02T17:11:56","slug":"%d0%bd%d0%b0%d1%88%d0%b8-%d0%bf%d1%80%d0%be%d0%b4%d1%83%d0%ba%d1%82%d1%8b","status":"publish","type":"page","link":"https:\/\/agri.bioret-corp.com\/ru\/nos-produits\/","title":{"rendered":"\u041d\u0430\u0448\u0430 \u043f\u0440\u043e\u0434\u0443\u043a\u0446\u0438\u044f"},"content":{"rendered":"<div data-elementor-type=\"wp-page\" data-elementor-id=\"1146\" class=\"elementor elementor-1146\" data-elementor-post-type=\"page\">\n\t\t\t\t<div class=\"elementor-element elementor-element-c36b62c e-flex e-con-boxed e-con e-parent\" data-id=\"c36b62c\" data-element_type=\"container\" data-e-type=\"container\" data-settings=\"{&quot;jet_parallax_layout_list&quot;:[]}\">\n\t\t\t\t\t<div class=\"e-con-inner\">\n\t\t\t\t<div class=\"elementor-element elementor-element-6f2b615 elementor-widget elementor-widget-breadcrumbs\" data-id=\"6f2b615\" data-element_type=\"widget\" data-e-type=\"widget\" data-widget_type=\"breadcrumbs.default\">\n\t\t\t\t\t<p id=\"breadcrumbs\"><span><span><a href=\"https:\/\/agri.bioret-corp.com\/ru\/\">\u0413\u043b\u0430\u0432\u043d\u0430\u044f<\/a><\/span><\/span><\/p>\t\t\t\t<\/div>\n\t\t\t\t\t<\/div>\n\t\t\t\t<\/div>\n\t\t<div class=\"elementor-element elementor-element-1f8641d e-flex e-con-boxed e-con e-parent\" data-id=\"1f8641d\" data-element_type=\"container\" data-e-type=\"container\" data-settings=\"{&quot;jet_parallax_layout_list&quot;:[]}\">\n\t\t\t\t\t<div class=\"e-con-inner\">\n\t\t<div class=\"elementor-element elementor-element-941c37f e-con-full e-flex e-con e-child\" data-id=\"941c37f\" data-element_type=\"container\" data-e-type=\"container\" data-settings=\"{&quot;background_background&quot;:&quot;classic&quot;,&quot;jet_parallax_layout_list&quot;:[]}\">\n\t\t\t\t<div class=\"elementor-element elementor-element-8588798 elementor-widget elementor-widget-heading\" data-id=\"8588798\" data-element_type=\"widget\" data-e-type=\"widget\" data-widget_type=\"heading.default\">\n\t\t\t\t\t<div class=\"elementor-heading-title elementor-size-default\">\u041d\u0430 \u0432\u0441\u0435 \u0441\u043b\u0443\u0447\u0430\u0438 \u0436\u0438\u0437\u043d\u0438 <b>\u043d\u0430\u0448\u0438 \u0440\u0435\u0448\u0435\u043d\u0438\u044f<\/b><\/div>\t\t\t\t<\/div>\n\t\t\t\t<\/div>\n\t\t<div class=\"elementor-element elementor-element-e8b4e0e e-con-full e-flex e-con e-child\" data-id=\"e8b4e0e\" data-element_type=\"container\" data-e-type=\"container\" data-settings=\"{&quot;background_background&quot;:&quot;classic&quot;,&quot;jet_parallax_layout_list&quot;:[]}\">\n\t\t\t\t<div class=\"elementor-element elementor-element-9f5f178 elementor-widget elementor-widget-image\" data-id=\"9f5f178\" data-element_type=\"widget\" data-e-type=\"widget\" data-widget_type=\"image.default\">\n\t\t\t\t\t\t\t\t\t\t\t\t\t\t\t<img decoding=\"async\" width=\"27\" height=\"48\" src=\"https:\/\/agri.bioret-corp.com\/wp-content\/uploads\/sites\/6\/2024\/05\/fleche-rouge.svg\" class=\"attachment-large size-large wp-image-1479\" alt=\"\u041a\u0440\u0430\u0441\u043d\u0430\u044f \u0441\u0442\u0440\u0435\u043b\u043a\u0430\" \/>\t\t\t\t\t\t\t\t\t\t\t\t\t\t\t<\/div>\n\t\t\t\t<\/div>\n\t\t\t\t\t<\/div>\n\t\t\t\t<\/div>\n\t\t<div class=\"elementor-element elementor-element-6df4514 e-flex e-con-boxed e-con e-parent\" data-id=\"6df4514\" data-element_type=\"container\" data-e-type=\"container\" data-settings=\"{&quot;jet_parallax_layout_list&quot;:[]}\">\n\t\t\t\t\t<div class=\"e-con-inner\">\n\t\t<div class=\"elementor-element elementor-element-e1e62c2 e-con-full e-flex e-con e-child\" data-id=\"e1e62c2\" data-element_type=\"container\" data-e-type=\"container\" data-settings=\"{&quot;background_background&quot;:&quot;classic&quot;,&quot;jet_parallax_layout_list&quot;:[]}\">\n\t\t\t\t<div class=\"elementor-element elementor-element-0fa5a66 elementor-widget elementor-widget-heading\" data-id=\"0fa5a66\" data-element_type=\"widget\" data-e-type=\"widget\" data-widget_type=\"heading.default\">\n\t\t\t\t\t<h1 class=\"elementor-heading-title elementor-size-default\">\u0420\u0435\u0448\u0435\u043d\u0438\u044f BIORET AGRI<\/h1>\t\t\t\t<\/div>\n\t\t\t\t<div class=\"elementor-element elementor-element-fbd569c elementor-widget elementor-widget-text-editor\" data-id=\"fbd569c\" data-element_type=\"widget\" data-e-type=\"widget\" data-widget_type=\"text-editor.default\">\n\t\t\t\t\t\t\t\t\t<p>BIORET AGRI \u043f\u0440\u0435\u0434\u043b\u0430\u0433\u0430\u0435\u0442 \u0448\u0438\u0440\u043e\u043a\u0438\u0439 \u0430\u0441\u0441\u043e\u0440\u0442\u0438\u043c\u0435\u043d\u0442 \u043f\u0440\u043e\u0434\u0443\u043a\u0446\u0438\u0438, \u043f\u0440\u0435\u0434\u043d\u0430\u0437\u043d\u0430\u0447\u0435\u043d\u043d\u043e\u0439 \u0434\u043b\u044f \u043e\u0431\u0435\u0441\u043f\u0435\u0447\u0435\u043d\u0438\u044f \u043a\u043e\u043c\u0444\u043e\u0440\u0442\u0430 \u0436\u0438\u0432\u043e\u0442\u043d\u044b\u0445, \u043f\u0440\u043e\u0434\u0443\u043a\u0442\u0438\u0432\u043d\u043e\u0441\u0442\u0438 \u0438 \u0437\u0434\u043e\u0440\u043e\u0432\u044c\u044f \u0444\u0435\u0440\u043c, \u0430 \u0442\u0430\u043a\u0436\u0435 \u0443\u0434\u043e\u0431\u0441\u0442\u0432\u0430 \u0444\u0435\u0440\u043c\u0435\u0440\u043e\u0432.<\/p><p>\u0415\u0441\u043b\u0438 \u0432\u044b \u0438\u0449\u0435\u0442\u0435 \u043c\u0430\u0442\u0440\u0430\u0441\u044b \u0434\u043b\u044f \u043a\u043e\u0440\u043e\u0432, \u043d\u0435\u0441\u043a\u043e\u043b\u044c\u0437\u044f\u0449\u0438\u0435 \u043f\u043e\u043b\u044b \u0438\u043b\u0438 \u0434\u0440\u0443\u0433\u043e\u0435 \u043e\u0431\u043e\u0440\u0443\u0434\u043e\u0432\u0430\u043d\u0438\u0435 \u0434\u043b\u044f \u0432\u0430\u0448\u0435\u0433\u043e \u043a\u043e\u0440\u043e\u0432\u043d\u0438\u043a\u0430, \u043c\u044b \u043f\u043e\u0437\u0430\u0431\u043e\u0442\u0438\u043c\u0441\u044f \u043e\u0431 \u044d\u0442\u043e\u043c.<\/p>\t\t\t\t\t\t\t\t<\/div>\n\t\t\t\t<\/div>\n\t\t<div class=\"elementor-element elementor-element-2d8d8b9 e-con-full e-flex e-con e-child\" data-id=\"2d8d8b9\" data-element_type=\"container\" data-e-type=\"container\" data-settings=\"{&quot;background_background&quot;:&quot;classic&quot;,&quot;jet_parallax_layout_list&quot;:[]}\">\n\t\t\t\t<\/div>\n\t\t\t\t\t<\/div>\n\t\t\t\t<\/div>\n\t\t<div class=\"elementor-element elementor-element-882906a e-flex e-con-boxed e-con e-parent\" data-id=\"882906a\" data-element_type=\"container\" data-e-type=\"container\" data-settings=\"{&quot;background_background&quot;:&quot;classic&quot;,&quot;jet_parallax_layout_list&quot;:[]}\">\n\t\t\t\t\t<div class=\"e-con-inner\">\n\t\t<div class=\"elementor-element elementor-element-def36db e-flex e-con-boxed e-con e-child\" data-id=\"def36db\" data-element_type=\"container\" data-e-type=\"container\" data-settings=\"{&quot;jet_parallax_layout_list&quot;:[]}\">\n\t\t\t\t\t<div class=\"e-con-inner\">\n\t\t<div class=\"elementor-element elementor-element-becb3e7 e-grid e-con-boxed e-con e-child\" data-id=\"becb3e7\" data-element_type=\"container\" data-e-type=\"container\" data-settings=\"{&quot;jet_parallax_layout_list&quot;:[]}\">\n\t\t\t\t\t<div class=\"e-con-inner\">\n\t\t\t\t<div class=\"elementor-element elementor-element-878fe19 elementor-cta--skin-classic elementor-animated-content elementor-bg-transform elementor-bg-transform-zoom-in elementor-widget elementor-widget-call-to-action\" data-id=\"878fe19\" data-element_type=\"widget\" data-e-type=\"widget\" data-widget_type=\"call-to-action.default\">\n\t\t\t\t\t\t\t<a class=\"elementor-cta\" href=\"https:\/\/agri.bioret-corp.com\/ru\/%d0%bd%d0%b0%d1%88%d0%b8-%d0%bf%d1%80%d0%be%d0%b4%d1%83%d0%ba%d1%82%d1%8b\/%d1%80%d1%8b%d0%bd%d0%be%d0%ba-%d0%ba%d0%be%d1%80%d0%bc%d0%be%d0%b2-%d0%b4%d0%bb%d1%8f-%d0%ba%d0%be%d1%80%d0%be%d0%b2\/\">\n\t\t\t\t\t<div class=\"elementor-cta__bg-wrapper\">\n\t\t\t\t<div class=\"elementor-cta__bg elementor-bg\" style=\"background-image: url(https:\/\/agri.bioret-corp.com\/wp-content\/uploads\/sites\/6\/2024\/06\/feedingstep_1.jpg);\" role=\"img\" aria-label=\"\u041a\u043e\u0440\u043c\u043e\u0432\u043e\u0439 \u0448\u0430\u0433\"><\/div>\n\t\t\t\t<div class=\"elementor-cta__bg-overlay\"><\/div>\n\t\t\t<\/div>\n\t\t\t\t\t\t\t<div class=\"elementor-cta__content\">\n\t\t\t\t\n\t\t\t\t\t\t\t\t\t<h2 class=\"elementor-cta__title elementor-cta__content-item elementor-content-item\">\n\t\t\t\t\t\t\u0412\u043a\u043b\u044e\u0447\u0438\u0442\u044c \u043f\u0438\u0442\u0430\u043d\u0438\u0435\t\t\t\t\t<\/h2>\n\t\t\t\t\n\t\t\t\t\n\t\t\t\t\t\t\t<\/div>\n\t\t\t\t\t\t<\/a>\n\t\t\t\t\t\t<\/div>\n\t\t\t\t<div class=\"elementor-element elementor-element-7d5d1a5 elementor-cta--skin-classic elementor-animated-content elementor-bg-transform elementor-bg-transform-zoom-in elementor-widget elementor-widget-call-to-action\" data-id=\"7d5d1a5\" data-element_type=\"widget\" data-e-type=\"widget\" data-widget_type=\"call-to-action.default\">\n\t\t\t\t\t\t\t<a class=\"elementor-cta\" href=\"https:\/\/agri.bioret-corp.com\/ru\/%d0%bd%d0%b0%d1%88%d0%b8-%d0%bf%d1%80%d0%be%d0%b4%d1%83%d0%ba%d1%82%d1%8b\/%d0%bf%d1%80%d0%be%d1%82%d0%b8%d0%b2%d0%be%d1%81%d0%ba%d0%be%d0%bb%d1%8c%d0%b7%d1%8f%d1%89%d0%b8%d0%b5-%d0%bf%d0%be%d0%bb%d1%8b-%d0%b4%d0%bb%d1%8f-%d0%ba%d0%be%d1%80%d0%be%d0%b2\/\">\n\t\t\t\t\t<div class=\"elementor-cta__bg-wrapper\">\n\t\t\t\t<div class=\"elementor-cta__bg elementor-bg\" style=\"background-image: url(https:\/\/agri.bioret-corp.com\/wp-content\/uploads\/sites\/6\/2024\/04\/MAGELLAN-APERCU.jpg);\" role=\"img\" aria-label=\"\u0423\u0441\u0442\u043e\u0439\u0447\u0438\u0432\u044b\u0439 \u043a\u043e\u0432\u0440\u0438\u043a Magellan\"><\/div>\n\t\t\t\t<div class=\"elementor-cta__bg-overlay\"><\/div>\n\t\t\t<\/div>\n\t\t\t\t\t\t\t<div class=\"elementor-cta__content\">\n\t\t\t\t\n\t\t\t\t\t\t\t\t\t<h2 class=\"elementor-cta__title elementor-cta__content-item elementor-content-item\">\n\t\t\t\t\t\t\u041d\u0435\u0441\u043a\u043e\u043b\u044c\u0437\u044f\u0449\u0438\u0435 \u043f\u043e\u043b\u044b\t\t\t\t\t<\/h2>\n\t\t\t\t\n\t\t\t\t\n\t\t\t\t\t\t\t<\/div>\n\t\t\t\t\t\t<\/a>\n\t\t\t\t\t\t<\/div>\n\t\t\t\t<div class=\"elementor-element elementor-element-320188d elementor-cta--skin-classic elementor-animated-content elementor-bg-transform elementor-bg-transform-zoom-in elementor-widget elementor-widget-call-to-action\" data-id=\"320188d\" data-element_type=\"widget\" data-e-type=\"widget\" data-widget_type=\"call-to-action.default\">\n\t\t\t\t\t\t\t<a class=\"elementor-cta\" href=\"https:\/\/agri.bioret-corp.com\/ru\/%d0%bd%d0%b0%d1%88%d0%b8-%d0%bf%d1%80%d0%be%d0%b4%d1%83%d0%ba%d1%82%d1%8b\/ventilation-etable\/\">\n\t\t\t\t\t<div class=\"elementor-cta__bg-wrapper\">\n\t\t\t\t<div class=\"elementor-cta__bg elementor-bg\" style=\"background-image: url(https:\/\/agri.bioret-corp.com\/wp-content\/uploads\/sites\/6\/2024\/04\/BARN.jpg);\" role=\"img\" aria-label=\"\u0410\u043c\u0431\u0430\u0440\"><\/div>\n\t\t\t\t<div class=\"elementor-cta__bg-overlay\"><\/div>\n\t\t\t<\/div>\n\t\t\t\t\t\t\t<div class=\"elementor-cta__content\">\n\t\t\t\t\n\t\t\t\t\t\t\t\t\t<h2 class=\"elementor-cta__title elementor-cta__content-item elementor-content-item\">\n\t\t\t\t\t\t\u0412\u0435\u043d\u0442\u0438\u043b\u044f\u0446\u0438\u044f\t\t\t\t\t<\/h2>\n\t\t\t\t\n\t\t\t\t\n\t\t\t\t\t\t\t<\/div>\n\t\t\t\t\t\t<\/a>\n\t\t\t\t\t\t<\/div>\n\t\t\t\t<div class=\"elementor-element elementor-element-a8988d5 elementor-cta--skin-classic elementor-animated-content elementor-bg-transform elementor-bg-transform-zoom-in elementor-widget elementor-widget-call-to-action\" data-id=\"a8988d5\" data-element_type=\"widget\" data-e-type=\"widget\" data-widget_type=\"call-to-action.default\">\n\t\t\t\t\t\t\t<a class=\"elementor-cta\" href=\"https:\/\/agri.bioret-corp.com\/ru\/%d0%bd%d0%b0%d1%88%d0%b8-%d0%bf%d1%80%d0%be%d0%b4%d1%83%d0%ba%d1%82%d1%8b\/accessoires-etables\/\">\n\t\t\t\t\t<div class=\"elementor-cta__bg-wrapper\">\n\t\t\t\t<div class=\"elementor-cta__bg elementor-bg\" style=\"background-image: url(https:\/\/agri.bioret-corp.com\/wp-content\/uploads\/sites\/6\/2024\/05\/gratogratte_3.jpg);\" role=\"img\" aria-label=\"gratogratte_3\"><\/div>\n\t\t\t\t<div class=\"elementor-cta__bg-overlay\"><\/div>\n\t\t\t<\/div>\n\t\t\t\t\t\t\t<div class=\"elementor-cta__content\">\n\t\t\t\t\n\t\t\t\t\t\t\t\t\t<h2 class=\"elementor-cta__title elementor-cta__content-item elementor-content-item\">\n\t\t\t\t\t\t\u0423\u0441\u0442\u043e\u0439\u0447\u0438\u0432\u044b\u0435 \u0430\u043a\u0441\u0435\u0441\u0441\u0443\u0430\u0440\u044b\t\t\t\t\t<\/h2>\n\t\t\t\t\n\t\t\t\t\n\t\t\t\t\t\t\t<\/div>\n\t\t\t\t\t\t<\/a>\n\t\t\t\t\t\t<\/div>\n\t\t\t\t<div class=\"elementor-element elementor-element-bc8b65e elementor-cta--skin-classic elementor-animated-content elementor-bg-transform elementor-bg-transform-zoom-in elementor-widget elementor-widget-call-to-action\" data-id=\"bc8b65e\" data-element_type=\"widget\" data-e-type=\"widget\" data-widget_type=\"call-to-action.default\">\n\t\t\t\t\t\t\t<a class=\"elementor-cta\" href=\"https:\/\/agri.bioret-corp.com\/ru\/%d0%bd%d0%b0%d1%88%d0%b8-%d0%bf%d1%80%d0%be%d0%b4%d1%83%d0%ba%d1%82%d1%8b\/%d0%bc%d0%b0%d1%82%d1%80%d0%b0%d1%81%d1%8b-%d0%b4%d0%bb%d1%8f-%d0%ba%d0%be%d1%80%d0%be%d0%b2\/\">\n\t\t\t\t\t<div class=\"elementor-cta__bg-wrapper\">\n\t\t\t\t<div class=\"elementor-cta__bg elementor-bg\" style=\"background-image: url(https:\/\/agri.bioret-corp.com\/wp-content\/uploads\/sites\/6\/2024\/04\/MATELAS_POUR-VACHE.png);\" role=\"img\" aria-label=\"\u041c\u0410\u0422\u0420\u0415\u0421\u0421 \u0414\u041b\u042f \u041a\u041e\u0420\u041e\u0412\u042b\"><\/div>\n\t\t\t\t<div class=\"elementor-cta__bg-overlay\"><\/div>\n\t\t\t<\/div>\n\t\t\t\t\t\t\t<div class=\"elementor-cta__content\">\n\t\t\t\t\n\t\t\t\t\t\t\t\t\t<h2 class=\"elementor-cta__title elementor-cta__content-item elementor-content-item\">\n\t\t\t\t\t\t\u041c\u0430\u0442\u0440\u0430\u0441 \u0434\u043b\u044f \u043a\u043e\u0440\u043e\u0432\t\t\t\t\t<\/h2>\n\t\t\t\t\n\t\t\t\t\n\t\t\t\t\t\t\t<\/div>\n\t\t\t\t\t\t<\/a>\n\t\t\t\t\t\t<\/div>\n\t\t\t\t\t<\/div>\n\t\t\t\t<\/div>\n\t\t\t\t\t<\/div>\n\t\t\t\t<\/div>\n\t\t\t\t<div class=\"elementor-element elementor-element-6e8e715 elementor-align-right elementor-mobile-align-center elementor-widget elementor-widget-button\" data-id=\"6e8e715\" data-element_type=\"widget\" data-e-type=\"widget\" data-widget_type=\"button.default\">\n\t\t\t\t\t\t\t\t\t\t<a class=\"elementor-button elementor-button-link elementor-size-sm\" href=\"https:\/\/agri.bioret-corp.com\/ru\/%d1%81%d0%b2%d1%8f%d0%b7%d0%b0%d1%82%d1%8c%d1%81%d1%8f-%d1%81\/\">\n\t\t\t\t\t\t<span class=\"elementor-button-content-wrapper\">\n\t\t\t\t\t\t<span class=\"elementor-button-icon\">\n\t\t\t\t<svg aria-hidden=\"true\" class=\"e-font-icon-svg e-fas-long-arrow-alt-right\" viewbox=\"0 0 448 512\" xmlns=\"http:\/\/www.w3.org\/2000\/svg\"><path d=\"M313.941 216H12c-6.627 0-12 5.373-12 12v56c0 6.627 5.373 12 12 12h301.941v46.059c0 21.382 25.851 32.09 40.971 16.971l86.059-86.059c9.373-9.373 9.373-24.569 0-33.941l-86.059-86.059c-15.119-15.119-40.971-4.411-40.971 16.971V216z\"><\/path><\/svg>\t\t\t<\/span>\n\t\t\t\t\t\t\t\t\t<span class=\"elementor-button-text\">\u041e\u0431\u0440\u0430\u0442\u0438\u0442\u0435\u0441\u044c \u043a \u043d\u0430\u0448\u0435\u043c\u0443 \u043a\u0430\u0442\u0430\u043b\u043e\u0433\u0443<\/span>\n\t\t\t\t\t<\/span>\n\t\t\t\t\t<\/a>\n\t\t\t\t\t\t\t\t<\/div>\n\t\t\t\t\t<\/div>\n\t\t\t\t<\/div>\n\t\t\t\t<\/div>","protected":false},"excerpt":{"rendered":"<p>\u00c0 chaque besoin nos solutions Les solutions BIORET AGRI BIORET AGRI propose une large gamme de produit d\u00e9di\u00e9s au confort animal, \u00e0 la productivit\u00e9 et \u00e0 la sant\u00e9 des \u00e9levages,\u00a0 au confort de l&rsquo;\u00e9leveur. Que vous recherchiez des matelas pour vaches, des sols antid\u00e9rapants ou d&rsquo;autres \u00e9quipements pour votre \u00e9table, nous sommes \u00e0 vos c\u00f4t\u00e9s. [&hellip;]<\/p>\n","protected":false},"author":1,"featured_media":3260,"parent":0,"menu_order":1,"comment_status":"closed","ping_status":"closed","template":"","meta":{"_acf_changed":false,"content-type":"","footnotes":""},"besoin":[],"type-de-produit":[],"class_list":["post-1146","page","type-page","status-publish","has-post-thumbnail","hentry"],"acf":[],"yoast_head":"<!-- This site is optimized with the Yoast SEO plugin v27.4 - https:\/\/yoast.com\/product\/yoast-seo-wordpress\/ -->\n<title>Tous nos produits - BIORET AGRI<\/title>\n<meta name=\"description\" content=\"D\u00e9couvrez tous les produits BIORET AGRI pour am\u00e9liorer le confort animal, celui de l&#039;\u00e9leveur et la productivit\u00e9 de l&#039;exploitation.\" \/>\n<meta name=\"robots\" content=\"index, follow, max-snippet:-1, max-image-preview:large, max-video-preview:-1\" \/>\n<link rel=\"canonical\" href=\"https:\/\/agri.bioret-corp.com\/ru\/\u043d\u0430\u0448\u0438-\u043f\u0440\u043e\u0434\u0443\u043a\u0442\u044b\/\" \/>\n<meta property=\"og:locale\" content=\"ru_RU\" \/>\n<meta property=\"og:type\" content=\"article\" \/>\n<meta property=\"og:title\" content=\"Tous nos produits - BIORET AGRI\" \/>\n<meta property=\"og:description\" content=\"D\u00e9couvrez tous les produits BIORET AGRI pour am\u00e9liorer le confort animal, celui de l&#039;\u00e9leveur et la productivit\u00e9 de l&#039;exploitation.\" \/>\n<meta property=\"og:url\" content=\"https:\/\/agri.bioret-corp.com\/ru\/\u043d\u0430\u0448\u0438-\u043f\u0440\u043e\u0434\u0443\u043a\u0442\u044b\/\" \/>\n<meta property=\"og:site_name\" content=\"BIORET AGRI\" \/>\n<meta property=\"article:modified_time\" content=\"2024-10-02T17:11:56+00:00\" \/>\n<meta property=\"og:image\" content=\"https:\/\/agri.bioret-corp.com\/wp-content\/uploads\/sites\/6\/2024\/06\/Bioret-Agri-Mattresses.jpg\" \/>\n\t<meta property=\"og:image:width\" content=\"1536\" \/>\n\t<meta property=\"og:image:height\" content=\"1024\" \/>\n\t<meta property=\"og:image:type\" content=\"image\/jpeg\" \/>\n<meta name=\"twitter:card\" content=\"summary_large_image\" \/>\n<meta name=\"twitter:label1\" content=\"\u041f\u0440\u0438\u043c\u0435\u0440\u043d\u043e\u0435 \u0432\u0440\u0435\u043c\u044f \u0434\u043b\u044f \u0447\u0442\u0435\u043d\u0438\u044f\" \/>\n\t<meta name=\"twitter:data1\" content=\"1 \u043c\u0438\u043d\u0443\u0442\u0430\" \/>\n<script type=\"application\/ld+json\" class=\"yoast-schema-graph\">{\"@context\":\"https:\\\/\\\/schema.org\",\"@graph\":[{\"@type\":\"WebPage\",\"@id\":\"https:\\\/\\\/agri.bioret-corp.com\\\/nos-produits\\\/\",\"url\":\"https:\\\/\\\/agri.bioret-corp.com\\\/nos-produits\\\/\",\"name\":\"Tous nos produits - BIORET AGRI\",\"isPartOf\":{\"@id\":\"https:\\\/\\\/agri.bioret-corp.com\\\/#website\"},\"primaryImageOfPage\":{\"@id\":\"https:\\\/\\\/agri.bioret-corp.com\\\/nos-produits\\\/#primaryimage\"},\"image\":{\"@id\":\"https:\\\/\\\/agri.bioret-corp.com\\\/nos-produits\\\/#primaryimage\"},\"thumbnailUrl\":\"https:\\\/\\\/agri.bioret-corp.com\\\/wp-content\\\/uploads\\\/sites\\\/6\\\/2024\\\/06\\\/Bioret-Agri-Mattresses.jpg\",\"datePublished\":\"2024-05-13T11:37:24+00:00\",\"dateModified\":\"2024-10-02T17:11:56+00:00\",\"description\":\"D\u00e9couvrez tous les produits BIORET AGRI pour am\u00e9liorer le confort animal, celui de l'\u00e9leveur et la productivit\u00e9 de l'exploitation.\",\"breadcrumb\":{\"@id\":\"https:\\\/\\\/agri.bioret-corp.com\\\/nos-produits\\\/#breadcrumb\"},\"inLanguage\":\"ru-RU\",\"potentialAction\":[{\"@type\":\"ReadAction\",\"target\":[\"https:\\\/\\\/agri.bioret-corp.com\\\/nos-produits\\\/\"]}]},{\"@type\":\"ImageObject\",\"inLanguage\":\"ru-RU\",\"@id\":\"https:\\\/\\\/agri.bioret-corp.com\\\/nos-produits\\\/#primaryimage\",\"url\":\"https:\\\/\\\/agri.bioret-corp.com\\\/wp-content\\\/uploads\\\/sites\\\/6\\\/2024\\\/06\\\/Bioret-Agri-Mattresses.jpg\",\"contentUrl\":\"https:\\\/\\\/agri.bioret-corp.com\\\/wp-content\\\/uploads\\\/sites\\\/6\\\/2024\\\/06\\\/Bioret-Agri-Mattresses.jpg\",\"width\":1536,\"height\":1024},{\"@type\":\"BreadcrumbList\",\"@id\":\"https:\\\/\\\/agri.bioret-corp.com\\\/nos-produits\\\/#breadcrumb\",\"itemListElement\":[{\"@type\":\"ListItem\",\"position\":1,\"name\":\"Accueil\",\"item\":\"https:\\\/\\\/agri.bioret-corp.com\\\/\"},{\"@type\":\"ListItem\",\"position\":2,\"name\":\"Nos produits\"}]},{\"@type\":\"WebSite\",\"@id\":\"https:\\\/\\\/agri.bioret-corp.com\\\/#website\",\"url\":\"https:\\\/\\\/agri.bioret-corp.com\\\/\",\"name\":\"BIORET AGRI\",\"description\":\"\",\"potentialAction\":[{\"@type\":\"SearchAction\",\"target\":{\"@type\":\"EntryPoint\",\"urlTemplate\":\"https:\\\/\\\/agri.bioret-corp.com\\\/?s={search_term_string}\"},\"query-input\":{\"@type\":\"PropertyValueSpecification\",\"valueRequired\":true,\"valueName\":\"search_term_string\"}}],\"inLanguage\":\"ru-RU\"}]}<\/script>\n<!-- \/ Yoast SEO plugin. -->","yoast_head_json":{"title":"\u0412\u0441\u044f \u043d\u0430\u0448\u0430 \u043f\u0440\u043e\u0434\u0443\u043a\u0446\u0438\u044f - BIORET AGRI","description":"\u041e\u0442\u043a\u0440\u043e\u0439\u0442\u0435 \u0434\u043b\u044f \u0441\u0435\u0431\u044f \u0432\u0441\u0435 \u043f\u0440\u043e\u0434\u0443\u043a\u0442\u044b BIORET AGRI \u0434\u043b\u044f \u043f\u043e\u0432\u044b\u0448\u0435\u043d\u0438\u044f \u043a\u043e\u043c\u0444\u043e\u0440\u0442\u0430 \u0436\u0438\u0432\u043e\u0442\u043d\u044b\u0445, \u0443\u0434\u043e\u0431\u0441\u0442\u0432\u0430 \u0444\u0435\u0440\u043c\u0435\u0440\u043e\u0432 \u0438 \u043f\u0440\u043e\u0438\u0437\u0432\u043e\u0434\u0438\u0442\u0435\u043b\u044c\u043d\u043e\u0441\u0442\u0438 \u0444\u0435\u0440\u043c.","robots":{"index":"index","follow":"follow","max-snippet":"max-snippet:-1","max-image-preview":"max-image-preview:large","max-video-preview":"max-video-preview:-1"},"canonical":"https:\/\/agri.bioret-corp.com\/ru\/\u043d\u0430\u0448\u0438-\u043f\u0440\u043e\u0434\u0443\u043a\u0442\u044b\/","og_locale":"ru_RU","og_type":"article","og_title":"Tous nos produits - BIORET AGRI","og_description":"D\u00e9couvrez tous les produits BIORET AGRI pour am\u00e9liorer le confort animal, celui de l'\u00e9leveur et la productivit\u00e9 de l'exploitation.","og_url":"https:\/\/agri.bioret-corp.com\/ru\/\u043d\u0430\u0448\u0438-\u043f\u0440\u043e\u0434\u0443\u043a\u0442\u044b\/","og_site_name":"BIORET AGRI","article_modified_time":"2024-10-02T17:11:56+00:00","og_image":[{"width":1536,"height":1024,"url":"https:\/\/agri.bioret-corp.com\/wp-content\/uploads\/sites\/6\/2024\/06\/Bioret-Agri-Mattresses.jpg","type":"image\/jpeg"}],"twitter_card":"summary_large_image","twitter_misc":{"\u041f\u0440\u0438\u043c\u0435\u0440\u043d\u043e\u0435 \u0432\u0440\u0435\u043c\u044f \u0434\u043b\u044f \u0447\u0442\u0435\u043d\u0438\u044f":"1 \u043c\u0438\u043d\u0443\u0442\u0430"},"schema":{"@context":"https:\/\/schema.org","@graph":[{"@type":"WebPage","@id":"https:\/\/agri.bioret-corp.com\/nos-produits\/","url":"https:\/\/agri.bioret-corp.com\/nos-produits\/","name":"\u0412\u0441\u044f \u043d\u0430\u0448\u0430 \u043f\u0440\u043e\u0434\u0443\u043a\u0446\u0438\u044f - BIORET AGRI","isPartOf":{"@id":"https:\/\/agri.bioret-corp.com\/#website"},"primaryImageOfPage":{"@id":"https:\/\/agri.bioret-corp.com\/nos-produits\/#primaryimage"},"image":{"@id":"https:\/\/agri.bioret-corp.com\/nos-produits\/#primaryimage"},"thumbnailUrl":"https:\/\/agri.bioret-corp.com\/wp-content\/uploads\/sites\/6\/2024\/06\/Bioret-Agri-Mattresses.jpg","datePublished":"2024-05-13T11:37:24+00:00","dateModified":"2024-10-02T17:11:56+00:00","description":"\u041e\u0442\u043a\u0440\u043e\u0439\u0442\u0435 \u0434\u043b\u044f \u0441\u0435\u0431\u044f \u0432\u0441\u0435 \u043f\u0440\u043e\u0434\u0443\u043a\u0442\u044b BIORET AGRI \u0434\u043b\u044f \u043f\u043e\u0432\u044b\u0448\u0435\u043d\u0438\u044f \u043a\u043e\u043c\u0444\u043e\u0440\u0442\u0430 \u0436\u0438\u0432\u043e\u0442\u043d\u044b\u0445, \u0443\u0434\u043e\u0431\u0441\u0442\u0432\u0430 \u0444\u0435\u0440\u043c\u0435\u0440\u043e\u0432 \u0438 \u043f\u0440\u043e\u0438\u0437\u0432\u043e\u0434\u0438\u0442\u0435\u043b\u044c\u043d\u043e\u0441\u0442\u0438 \u0444\u0435\u0440\u043c.","breadcrumb":{"@id":"https:\/\/agri.bioret-corp.com\/nos-produits\/#breadcrumb"},"inLanguage":"ru-RU","potentialAction":[{"@type":"ReadAction","target":["https:\/\/agri.bioret-corp.com\/nos-produits\/"]}]},{"@type":"ImageObject","inLanguage":"ru-RU","@id":"https:\/\/agri.bioret-corp.com\/nos-produits\/#primaryimage","url":"https:\/\/agri.bioret-corp.com\/wp-content\/uploads\/sites\/6\/2024\/06\/Bioret-Agri-Mattresses.jpg","contentUrl":"https:\/\/agri.bioret-corp.com\/wp-content\/uploads\/sites\/6\/2024\/06\/Bioret-Agri-Mattresses.jpg","width":1536,"height":1024},{"@type":"BreadcrumbList","@id":"https:\/\/agri.bioret-corp.com\/nos-produits\/#breadcrumb","itemListElement":[{"@type":"ListItem","position":1,"name":"Accueil","item":"https:\/\/agri.bioret-corp.com\/"},{"@type":"ListItem","position":2,"name":"Nos produits"}]},{"@type":"WebSite","@id":"https:\/\/agri.bioret-corp.com\/#website","url":"https:\/\/agri.bioret-corp.com\/","name":"\u0411\u0418\u041e\u0420\u0415\u0422 \u0410\u0413\u0420\u0418","description":"","potentialAction":[{"@type":"SearchAction","target":{"@type":"EntryPoint","urlTemplate":"https:\/\/agri.bioret-corp.com\/?s={search_term_string}"},"query-input":{"@type":"PropertyValueSpecification","valueRequired":true,"valueName":"search_term_string"}}],"inLanguage":"ru-RU"}]}},"_links":{"self":[{"href":"https:\/\/agri.bioret-corp.com\/ru\/wp-json\/wp\/v2\/pages\/1146","targetHints":{"allow":["GET"]}}],"collection":[{"href":"https:\/\/agri.bioret-corp.com\/ru\/wp-json\/wp\/v2\/pages"}],"about":[{"href":"https:\/\/agri.bioret-corp.com\/ru\/wp-json\/wp\/v2\/types\/page"}],"author":[{"embeddable":true,"href":"https:\/\/agri.bioret-corp.com\/ru\/wp-json\/wp\/v2\/users\/1"}],"replies":[{"embeddable":true,"href":"https:\/\/agri.bioret-corp.com\/ru\/wp-json\/wp\/v2\/comments?post=1146"}],"version-history":[{"count":13,"href":"https:\/\/agri.bioret-corp.com\/ru\/wp-json\/wp\/v2\/pages\/1146\/revisions"}],"predecessor-version":[{"id":4399,"href":"https:\/\/agri.bioret-corp.com\/ru\/wp-json\/wp\/v2\/pages\/1146\/revisions\/4399"}],"wp:featuredmedia":[{"embeddable":true,"href":"https:\/\/agri.bioret-corp.com\/ru\/wp-json\/wp\/v2\/media\/3260"}],"wp:attachment":[{"href":"https:\/\/agri.bioret-corp.com\/ru\/wp-json\/wp\/v2\/media?parent=1146"}],"wp:term":[{"taxonomy":"besoin","embeddable":true,"href":"https:\/\/agri.bioret-corp.com\/ru\/wp-json\/wp\/v2\/besoin?post=1146"},{"taxonomy":"type-de-produit","embeddable":true,"href":"https:\/\/agri.bioret-corp.com\/ru\/wp-json\/wp\/v2\/type-de-produit?post=1146"}],"curies":[{"name":"wp","href":"https:\/\/api.w.org\/{rel}","templated":true}]}}