{"id":1708,"date":"2024-05-28T16:03:48","date_gmt":"2024-05-28T14:03:48","guid":{"rendered":"https:\/\/agri.bioret-corp.com\/?page_id=1708"},"modified":"2024-09-09T12:47:04","modified_gmt":"2024-09-09T10:47:04","slug":"merci","status":"publish","type":"page","link":"https:\/\/agri.bioret-corp.com\/ru\/contact\/merci\/","title":{"rendered":"\u0421\u043f\u0430\u0441\u0438\u0431\u043e."},"content":{"rendered":"<div data-elementor-type=\"wp-page\" data-elementor-id=\"1708\" class=\"elementor elementor-1708\" data-elementor-post-type=\"page\">\n\t\t\t\t<div class=\"elementor-element elementor-element-e799a03 e-flex e-con-boxed e-con e-parent\" data-id=\"e799a03\" data-element_type=\"container\" data-e-type=\"container\" data-settings=\"{&quot;jet_parallax_layout_list&quot;:[]}\">\n\t\t\t\t\t<div class=\"e-con-inner\">\n\t\t<div class=\"elementor-element elementor-element-f70111c e-con-full e-flex e-con e-child\" data-id=\"f70111c\" data-element_type=\"container\" data-e-type=\"container\" data-settings=\"{&quot;background_background&quot;:&quot;classic&quot;,&quot;jet_parallax_layout_list&quot;:[]}\">\n\t\t\t\t<div class=\"elementor-element elementor-element-50ec39f elementor-widget elementor-widget-heading\" data-id=\"50ec39f\" data-element_type=\"widget\" data-e-type=\"widget\" data-widget_type=\"heading.default\">\n\t\t\t\t\t<h2 class=\"elementor-heading-title elementor-size-default\">\u0421\u043f\u0430\u0441\u0438\u0431\u043e \u0437\u0430 \u0432\u0430\u0448\u0435 \u0441\u043e\u043e\u0431\u0449\u0435\u043d\u0438\u0435 <\/h2>\t\t\t\t<\/div>\n\t\t\t\t<div class=\"elementor-element elementor-element-164360f elementor-widget elementor-widget-text-editor\" data-id=\"164360f\" data-element_type=\"widget\" data-e-type=\"widget\" data-widget_type=\"text-editor.default\">\n\t\t\t\t\t\t\t\t\t<p>\u0418 \u0437\u0430 \u0432\u0430\u0448 \u0438\u043d\u0442\u0435\u0440\u0435\u0441 \u043a \u043a\u043e\u043c\u043f\u0430\u043d\u0438\u0438 Bioret Agri!\u00a0<br \/>\u041f\u0440\u0435\u0434\u0441\u0442\u0430\u0432\u0438\u0442\u0435\u043b\u044c \u043e\u0442\u0434\u0435\u043b\u0430 \u043f\u0440\u043e\u0434\u0430\u0436 \u0441\u0432\u044f\u0436\u0435\u0442\u0441\u044f \u0441 \u0432\u0430\u043c\u0438 \u043a\u0430\u043a \u043c\u043e\u0436\u043d\u043e \u0441\u043a\u043e\u0440\u0435\u0435, \u0447\u0442\u043e\u0431\u044b \u0434\u0430\u0442\u044c \u043d\u0430\u0438\u043b\u0443\u0447\u0448\u0438\u0439 \u043e\u0442\u0432\u0435\u0442 \u043d\u0430 \u0432\u0430\u0448 \u0437\u0430\u043f\u0440\u043e\u0441.\u00a0<\/p><p>\u0414\u043e \u0441\u043a\u043e\u0440\u043e\u0439 \u0432\u0441\u0442\u0440\u0435\u0447\u0438,\u00a0<br \/><strong>\u041a\u043e\u043c\u0430\u043d\u0434\u0430 BIORET AGRI<\/strong><\/p>\t\t\t\t\t\t\t\t<\/div>\n\t\t\t\t<\/div>\n\t\t<div class=\"elementor-element elementor-element-f781478 e-con-full elementor-hidden-mobile e-flex e-con e-child\" data-id=\"f781478\" data-element_type=\"container\" data-e-type=\"container\" data-settings=\"{&quot;jet_parallax_layout_list&quot;:[]}\">\n\t\t\t\t<div class=\"elementor-element elementor-element-3c1317a elementor-widget__width-initial elementor-widget elementor-widget-image\" data-id=\"3c1317a\" data-element_type=\"widget\" data-e-type=\"widget\" data-widget_type=\"image.default\">\n\t\t\t\t\t\t\t\t\t\t\t\t\t\t\t<img fetchpriority=\"high\" decoding=\"async\" width=\"200\" height=\"262\" src=\"https:\/\/agri.bioret-corp.com\/wp-content\/uploads\/sites\/6\/2024\/05\/vache.png\" class=\"attachment-large size-large wp-image-1475\" alt=\"\u041a\u043e\u0440\u043e\u0432\u0430\" \/>\t\t\t\t\t\t\t\t\t\t\t\t\t\t\t<\/div>\n\t\t\t\t<\/div>\n\t\t\t\t\t<\/div>\n\t\t\t\t<\/div>\n\t\t\t\t<\/div>","protected":false},"excerpt":{"rendered":"<p>\u0411\u043b\u0430\u0433\u043e\u0434\u0430\u0440\u0438\u043c \u0432\u0430\u0441 \u0437\u0430 \u0441\u043e\u043e\u0431\u0449\u0435\u043d\u0438\u0435 \u0438 \u0437\u0430 \u0438\u043d\u0442\u0435\u0440\u0435\u0441 \u043a \u043a\u043e\u043c\u043f\u0430\u043d\u0438\u0438 Bioret Agri! \u041f\u0440\u0435\u0434\u0441\u0442\u0430\u0432\u0438\u0442\u0435\u043b\u044c \u043e\u0442\u0434\u0435\u043b\u0430 \u043f\u0440\u043e\u0434\u0430\u0436 \u0441\u0432\u044f\u0436\u0435\u0442\u0441\u044f \u0441 \u0432\u0430\u043c\u0438 \u043a\u0430\u043a \u043c\u043e\u0436\u043d\u043e \u0441\u043a\u043e\u0440\u0435\u0435, \u0447\u0442\u043e\u0431\u044b \u043d\u0430\u0438\u043b\u0443\u0447\u0448\u0438\u043c \u043e\u0431\u0440\u0430\u0437\u043e\u043c \u043e\u0442\u0432\u0435\u0442\u0438\u0442\u044c \u043d\u0430 \u0432\u0430\u0448 \u0437\u0430\u043f\u0440\u043e\u0441.  \u0414\u043e \u0441\u043a\u043e\u0440\u043e\u0439 \u0432\u0441\u0442\u0440\u0435\u0447\u0438, \u043a\u043e\u043c\u0430\u043d\u0434\u0430 BIORET AGRI<\/p>","protected":false},"author":1,"featured_media":3737,"parent":2,"menu_order":0,"comment_status":"closed","ping_status":"closed","template":"","meta":{"_acf_changed":false,"content-type":"","footnotes":""},"besoin":[],"type-de-produit":[],"class_list":["post-1708","page","type-page","status-publish","has-post-thumbnail","hentry"],"acf":[],"yoast_head":"<!-- This site is optimized with the Yoast SEO plugin v27.4 - https:\/\/yoast.com\/product\/yoast-seo-wordpress\/ -->\n<title>Merci - BIORET AGRI<\/title>\n<meta name=\"robots\" content=\"index, follow, max-snippet:-1, max-image-preview:large, max-video-preview:-1\" \/>\n<link rel=\"canonical\" href=\"https:\/\/agri.bioret-corp.com\/ru\/\u0441\u0432\u044f\u0437\u0430\u0442\u044c\u0441\u044f-\u0441\/merci\/\" \/>\n<meta property=\"og:locale\" content=\"ru_RU\" \/>\n<meta property=\"og:type\" content=\"article\" \/>\n<meta property=\"og:title\" content=\"Merci - BIORET AGRI\" \/>\n<meta property=\"og:description\" content=\"Merci pour votre message Et pour votre int\u00e9r\u00eat pour Bioret Agri !\u00a0Un repr\u00e9sentant du service commercial prendra rapidement contact avec vous afin de r\u00e9pondre au mieux \u00e0 votre demande.\u00a0 A bient\u00f4t,\u00a0L&rsquo;\u00e9quipe BIORET AGRI\" \/>\n<meta property=\"og:url\" content=\"https:\/\/agri.bioret-corp.com\/ru\/\u0441\u0432\u044f\u0437\u0430\u0442\u044c\u0441\u044f-\u0441\/merci\/\" \/>\n<meta property=\"og:site_name\" content=\"BIORET AGRI\" \/>\n<meta property=\"article:modified_time\" content=\"2024-09-09T10:47:04+00:00\" \/>\n<meta property=\"og:image\" content=\"https:\/\/agri.bioret-corp.com\/wp-content\/uploads\/sites\/6\/2024\/08\/image.jpg\" \/>\n\t<meta property=\"og:image:width\" content=\"474\" \/>\n\t<meta property=\"og:image:height\" content=\"298\" \/>\n\t<meta property=\"og:image:type\" content=\"image\/jpeg\" \/>\n<meta name=\"twitter:card\" content=\"summary_large_image\" \/>\n<meta name=\"twitter:label1\" content=\"\u041f\u0440\u0438\u043c\u0435\u0440\u043d\u043e\u0435 \u0432\u0440\u0435\u043c\u044f \u0434\u043b\u044f \u0447\u0442\u0435\u043d\u0438\u044f\" \/>\n\t<meta name=\"twitter:data1\" content=\"1 \u043c\u0438\u043d\u0443\u0442\u0430\" \/>\n<script type=\"application\/ld+json\" class=\"yoast-schema-graph\">{\"@context\":\"https:\\\/\\\/schema.org\",\"@graph\":[{\"@type\":\"WebPage\",\"@id\":\"https:\\\/\\\/agri.bioret-corp.com\\\/contact\\\/merci\\\/\",\"url\":\"https:\\\/\\\/agri.bioret-corp.com\\\/contact\\\/merci\\\/\",\"name\":\"Merci - BIORET AGRI\",\"isPartOf\":{\"@id\":\"https:\\\/\\\/agri.bioret-corp.com\\\/#website\"},\"primaryImageOfPage\":{\"@id\":\"https:\\\/\\\/agri.bioret-corp.com\\\/contact\\\/merci\\\/#primaryimage\"},\"image\":{\"@id\":\"https:\\\/\\\/agri.bioret-corp.com\\\/contact\\\/merci\\\/#primaryimage\"},\"thumbnailUrl\":\"https:\\\/\\\/agri.bioret-corp.com\\\/wp-content\\\/uploads\\\/sites\\\/6\\\/2024\\\/08\\\/image.jpg\",\"datePublished\":\"2024-05-28T14:03:48+00:00\",\"dateModified\":\"2024-09-09T10:47:04+00:00\",\"breadcrumb\":{\"@id\":\"https:\\\/\\\/agri.bioret-corp.com\\\/contact\\\/merci\\\/#breadcrumb\"},\"inLanguage\":\"ru-RU\",\"potentialAction\":[{\"@type\":\"ReadAction\",\"target\":[\"https:\\\/\\\/agri.bioret-corp.com\\\/contact\\\/merci\\\/\"]}]},{\"@type\":\"ImageObject\",\"inLanguage\":\"ru-RU\",\"@id\":\"https:\\\/\\\/agri.bioret-corp.com\\\/contact\\\/merci\\\/#primaryimage\",\"url\":\"https:\\\/\\\/agri.bioret-corp.com\\\/wp-content\\\/uploads\\\/sites\\\/6\\\/2024\\\/08\\\/image.jpg\",\"contentUrl\":\"https:\\\/\\\/agri.bioret-corp.com\\\/wp-content\\\/uploads\\\/sites\\\/6\\\/2024\\\/08\\\/image.jpg\",\"width\":474,\"height\":298,\"caption\":\"Vache couch\u00e9e dans une logette de couchage\"},{\"@type\":\"BreadcrumbList\",\"@id\":\"https:\\\/\\\/agri.bioret-corp.com\\\/contact\\\/merci\\\/#breadcrumb\",\"itemListElement\":[{\"@type\":\"ListItem\",\"position\":1,\"name\":\"Accueil\",\"item\":\"https:\\\/\\\/agri.bioret-corp.com\\\/\"},{\"@type\":\"ListItem\",\"position\":2,\"name\":\"Contact\",\"item\":\"https:\\\/\\\/agri.bioret-corp.com\\\/contact\\\/\"},{\"@type\":\"ListItem\",\"position\":3,\"name\":\"Merci\"}]},{\"@type\":\"WebSite\",\"@id\":\"https:\\\/\\\/agri.bioret-corp.com\\\/#website\",\"url\":\"https:\\\/\\\/agri.bioret-corp.com\\\/\",\"name\":\"BIORET AGRI\",\"description\":\"\",\"potentialAction\":[{\"@type\":\"SearchAction\",\"target\":{\"@type\":\"EntryPoint\",\"urlTemplate\":\"https:\\\/\\\/agri.bioret-corp.com\\\/?s={search_term_string}\"},\"query-input\":{\"@type\":\"PropertyValueSpecification\",\"valueRequired\":true,\"valueName\":\"search_term_string\"}}],\"inLanguage\":\"ru-RU\"}]}<\/script>\n<!-- \/ Yoast SEO plugin. -->","yoast_head_json":{"title":"\u0421\u043f\u0430\u0441\u0438\u0431\u043e - BIORET AGRI","robots":{"index":"index","follow":"follow","max-snippet":"max-snippet:-1","max-image-preview":"max-image-preview:large","max-video-preview":"max-video-preview:-1"},"canonical":"https:\/\/agri.bioret-corp.com\/ru\/\u0441\u0432\u044f\u0437\u0430\u0442\u044c\u0441\u044f-\u0441\/merci\/","og_locale":"ru_RU","og_type":"article","og_title":"Merci - BIORET AGRI","og_description":"Merci pour votre message Et pour votre int\u00e9r\u00eat pour Bioret Agri !\u00a0Un repr\u00e9sentant du service commercial prendra rapidement contact avec vous afin de r\u00e9pondre au mieux \u00e0 votre demande.\u00a0 A bient\u00f4t,\u00a0L&rsquo;\u00e9quipe BIORET AGRI","og_url":"https:\/\/agri.bioret-corp.com\/ru\/\u0441\u0432\u044f\u0437\u0430\u0442\u044c\u0441\u044f-\u0441\/merci\/","og_site_name":"BIORET AGRI","article_modified_time":"2024-09-09T10:47:04+00:00","og_image":[{"width":474,"height":298,"url":"https:\/\/agri.bioret-corp.com\/wp-content\/uploads\/sites\/6\/2024\/08\/image.jpg","type":"image\/jpeg"}],"twitter_card":"summary_large_image","twitter_misc":{"\u041f\u0440\u0438\u043c\u0435\u0440\u043d\u043e\u0435 \u0432\u0440\u0435\u043c\u044f \u0434\u043b\u044f \u0447\u0442\u0435\u043d\u0438\u044f":"1 \u043c\u0438\u043d\u0443\u0442\u0430"},"schema":{"@context":"https:\/\/schema.org","@graph":[{"@type":"WebPage","@id":"https:\/\/agri.bioret-corp.com\/contact\/merci\/","url":"https:\/\/agri.bioret-corp.com\/contact\/merci\/","name":"\u0421\u043f\u0430\u0441\u0438\u0431\u043e - BIORET AGRI","isPartOf":{"@id":"https:\/\/agri.bioret-corp.com\/#website"},"primaryImageOfPage":{"@id":"https:\/\/agri.bioret-corp.com\/contact\/merci\/#primaryimage"},"image":{"@id":"https:\/\/agri.bioret-corp.com\/contact\/merci\/#primaryimage"},"thumbnailUrl":"https:\/\/agri.bioret-corp.com\/wp-content\/uploads\/sites\/6\/2024\/08\/image.jpg","datePublished":"2024-05-28T14:03:48+00:00","dateModified":"2024-09-09T10:47:04+00:00","breadcrumb":{"@id":"https:\/\/agri.bioret-corp.com\/contact\/merci\/#breadcrumb"},"inLanguage":"ru-RU","potentialAction":[{"@type":"ReadAction","target":["https:\/\/agri.bioret-corp.com\/contact\/merci\/"]}]},{"@type":"ImageObject","inLanguage":"ru-RU","@id":"https:\/\/agri.bioret-corp.com\/contact\/merci\/#primaryimage","url":"https:\/\/agri.bioret-corp.com\/wp-content\/uploads\/sites\/6\/2024\/08\/image.jpg","contentUrl":"https:\/\/agri.bioret-corp.com\/wp-content\/uploads\/sites\/6\/2024\/08\/image.jpg","width":474,"height":298,"caption":"Vache couch\u00e9e dans une logette de couchage"},{"@type":"BreadcrumbList","@id":"https:\/\/agri.bioret-corp.com\/contact\/merci\/#breadcrumb","itemListElement":[{"@type":"ListItem","position":1,"name":"Accueil","item":"https:\/\/agri.bioret-corp.com\/"},{"@type":"ListItem","position":2,"name":"Contact","item":"https:\/\/agri.bioret-corp.com\/contact\/"},{"@type":"ListItem","position":3,"name":"Merci"}]},{"@type":"WebSite","@id":"https:\/\/agri.bioret-corp.com\/#website","url":"https:\/\/agri.bioret-corp.com\/","name":"\u0411\u0418\u041e\u0420\u0415\u0422 \u0410\u0413\u0420\u0418","description":"","potentialAction":[{"@type":"SearchAction","target":{"@type":"EntryPoint","urlTemplate":"https:\/\/agri.bioret-corp.com\/?s={search_term_string}"},"query-input":{"@type":"PropertyValueSpecification","valueRequired":true,"valueName":"search_term_string"}}],"inLanguage":"ru-RU"}]}},"_links":{"self":[{"href":"https:\/\/agri.bioret-corp.com\/ru\/wp-json\/wp\/v2\/pages\/1708","targetHints":{"allow":["GET"]}}],"collection":[{"href":"https:\/\/agri.bioret-corp.com\/ru\/wp-json\/wp\/v2\/pages"}],"about":[{"href":"https:\/\/agri.bioret-corp.com\/ru\/wp-json\/wp\/v2\/types\/page"}],"author":[{"embeddable":true,"href":"https:\/\/agri.bioret-corp.com\/ru\/wp-json\/wp\/v2\/users\/1"}],"replies":[{"embeddable":true,"href":"https:\/\/agri.bioret-corp.com\/ru\/wp-json\/wp\/v2\/comments?post=1708"}],"version-history":[{"count":7,"href":"https:\/\/agri.bioret-corp.com\/ru\/wp-json\/wp\/v2\/pages\/1708\/revisions"}],"predecessor-version":[{"id":1715,"href":"https:\/\/agri.bioret-corp.com\/ru\/wp-json\/wp\/v2\/pages\/1708\/revisions\/1715"}],"up":[{"embeddable":true,"href":"https:\/\/agri.bioret-corp.com\/ru\/wp-json\/wp\/v2\/pages\/2"}],"wp:featuredmedia":[{"embeddable":true,"href":"https:\/\/agri.bioret-corp.com\/ru\/wp-json\/wp\/v2\/media\/3737"}],"wp:attachment":[{"href":"https:\/\/agri.bioret-corp.com\/ru\/wp-json\/wp\/v2\/media?parent=1708"}],"wp:term":[{"taxonomy":"besoin","embeddable":true,"href":"https:\/\/agri.bioret-corp.com\/ru\/wp-json\/wp\/v2\/besoin?post=1708"},{"taxonomy":"type-de-produit","embeddable":true,"href":"https:\/\/agri.bioret-corp.com\/ru\/wp-json\/wp\/v2\/type-de-produit?post=1708"}],"curies":[{"name":"wp","href":"https:\/\/api.w.org\/{rel}","templated":true}]}}